{"id":10,"date":"2019-11-11T02:21:14","date_gmt":"2019-11-11T02:21:14","guid":{"rendered":"http:\/\/rice-machinery.com\/?page_id=10"},"modified":"2019-11-15T09:59:48","modified_gmt":"2019-11-15T01:59:48","slug":"about-us","status":"publish","type":"page","link":"https:\/\/rice-machinery.com\/es\/about-us\/","title":{"rendered":"Sobre nosotros"},"content":{"rendered":"<h2>Quienes somos<\/h2> <p>Nos dedicamos principalmente a m\u00e1quinas como sembradoras de arroz, cosechadoras de arroz, trilladoras de arroz, fresadoras de arroz y despedregadoras de arroz, de las cuales la fresadora de arroz es la m\u00e1s popular en los \u00faltimos a\u00f1os, ya que invertimos mucho tiempo y energ\u00eda para dise\u00f1ar diferentes tipos. para ayudar a los agricultores a obtener arroz blanco, y los diferentes modelos de fresadoras de arroz tienen diferentes capacidades. La m\u00e1quina procesadora de arroz Taizy no solo es adecuada para industrias sino tambi\u00e9n para particulares.<\/p> <p>Taizy Machinery Co., LTD cuenta con muchos t\u00e9cnicos y expertos experimentados, y la innovaci\u00f3n y el desarrollo continuos nos impulsan a mantenernos al d\u00eda. Adem\u00e1s, contamos con un completo servicio posventa en l\u00ednea las 24 horas. En cuanto a las m\u00e1quinas procesadoras de arroz de gran tama\u00f1o, podemos contratar a nuestros t\u00e9cnicos para que instalen y capaciten a sus trabajadores sobre c\u00f3mo operar en el extranjero. Adem\u00e1s, podemos proporcionarle an\u00e1lisis de mercado y beneficios. Con todo, Taizy Machinery es un famoso proveedor de m\u00e1quinas procesadoras de arroz.<\/p> <h2>Nuestro servicio<\/h2> <h3>El cliente primero<\/h3> <p>Siempre damos prioridad al beneficio del cliente, sin importar qu\u00e9 m\u00e1quina compren, y todas las m\u00e1quinas se personalizan de acuerdo con los requisitos del cliente. Adem\u00e1s, ofrecemos servicio gratuito de recogida en el aeropuerto y reserva de hotel si visita nuestra f\u00e1brica. Es importante destacar que, si lo desea, podemos mostrarle lugares esc\u00e9nicos famosos y brindarle una experiencia diferente.<\/p> <h3>Garant\u00eda de calidad<\/h3> <p>Todas nuestras m\u00e1quinas procesadoras de arroz est\u00e1n equipadas con alta calidad y nuestros trabajadores revisan cada pieza cuidadosamente antes de la entrega. Estamos autorizados por certificaciones como TUV, BV, ISO y SGS, y le enviaremos piezas de repuesto de forma gratuita durante el tiempo de garant\u00eda.<\/p> <h3>Sugerencia \u00fatil<\/h3> <p>Le proporcionaremos sugerencias \u00fatiles, como an\u00e1lisis de mercado y an\u00e1lisis de beneficios, recuperando el costo en poco tiempo.<\/p>","protected":false},"excerpt":{"rendered":"","protected":false},"author":1,"featured_media":0,"parent":0,"menu_order":0,"comment_status":"closed","ping_status":"closed","template":"","meta":{"footnotes":""},"class_list":["post-10","page","type-page","status-publish"],"_links":{"self":[{"href":"https:\/\/rice-machinery.com\/es\/wp-json\/wp\/v2\/pages\/10","targetHints":{"allow":["GET"]}}],"collection":[{"href":"https:\/\/rice-machinery.com\/es\/wp-json\/wp\/v2\/pages"}],"about":[{"href":"https:\/\/rice-machinery.com\/es\/wp-json\/wp\/v2\/types\/page"}],"author":[{"embeddable":true,"href":"https:\/\/rice-machinery.com\/es\/wp-json\/wp\/v2\/users\/1"}],"replies":[{"embeddable":true,"href":"https:\/\/rice-machinery.com\/es\/wp-json\/wp\/v2\/comments?post=10"}],"version-history":[{"count":0,"href":"https:\/\/rice-machinery.com\/es\/wp-json\/wp\/v2\/pages\/10\/revisions"}],"wp:attachment":[{"href":"https:\/\/rice-machinery.com\/es\/wp-json\/wp\/v2\/media?parent=10"}],"curies":[{"name":"wp","href":"https:\/\/api.w.org\/{rel}","templated":true}]}}