{"id":27,"date":"2019-11-11T08:04:25","date_gmt":"2019-11-11T08:04:25","guid":{"rendered":"http:\/\/rice-machinery.com\/?page_id=27"},"modified":"2020-04-27T16:11:16","modified_gmt":"2020-04-27T08:11:16","slug":"taizy-rice-machines","status":"publish","type":"page","link":"https:\/\/rice-machinery.com\/es\/","title":{"rendered":"m\u00e1quinas de arroz taizy"},"content":{"rendered":"<div class=\"grid-container head\">  <h2 class=\"has-text-align-center\"><span style=\"vertical-align: inherit;\"><span style=\"vertical-align: inherit;\"><span style=\"vertical-align: inherit;\"><span style=\"vertical-align: inherit;\">Taizy Maquinaria Co., Ltd.<\/span><\/span><\/span><\/span><\/h2>    <hr class=\"wp-block-separator\"\/>    <p><span style=\"vertical-align: inherit;\"><span style=\"vertical-align: inherit;\">Fundada en 2011, Zhengzhou Taizy Machinery Co., LTD es un conocido fabricante de m\u00e1quinas procesadoras de arroz. Tiene su sede en la ciudad de Zheng Zhou, provincia de Henan, China, e integra el desarrollo y la innovaci\u00f3n en su conjunto, con el objetivo de producir m\u00e1quinas involucradas en arroz con alta calidad. Motivados por este objetivo, optimizamos constantemente la estructura de la m\u00e1quina de arroz sobre la base de la demanda del mercado para que sean m\u00e1s razonables y pr\u00e1cticos, es por eso que un n\u00famero creciente de m\u00e1quinas procesadoras de arroz Taizy se exportan mensualmente a muchos pa\u00edses.<\/span><\/span><\/p>    <div class=\"wp-block-columns is-layout-flex wp-container-core-columns-is-layout-9d6595d7 wp-block-columns-is-layout-flex\"> <div class=\"wp-block-column is-layout-flow wp-block-column-is-layout-flow\"> <figure class=\"wp-block-image size-large\"><img loading=\"lazy\" decoding=\"async\" width=\"600\" height=\"330\" src=\"https:\/\/rice-machinery.com\/wp-content\/uploads\/2019\/11\/taizy-mahinery.jpg\" alt=\"\" class=\"wp-image-573\" title=\"\" srcset=\"https:\/\/rice-machinery.com\/wp-content\/uploads\/2019\/11\/taizy-mahinery.jpg 600w, https:\/\/rice-machinery.com\/wp-content\/uploads\/2019\/11\/taizy-mahinery-360x198.jpg 360w\" sizes=\"auto, (max-width: 600px) 100vw, 600px\" \/><\/figure> <\/div>    <div class=\"wp-block-column is-layout-flow wp-block-column-is-layout-flow\"> <h2 class=\"has-text-align-center wp-block-heading\">Nuestra maquina<\/h2>    <hr class=\"wp-block-separator\"\/>    <p>Nos dedicamos principalmente a m\u00e1quinas como sembradoras de arroz, cosechadoras de arroz, trilladoras de arroz, fresadoras de arroz y despedregadoras de arroz, de las cuales la fresadora de arroz es la m\u00e1s popular en los \u00faltimos a\u00f1os, ya que invertimos mucho tiempo y energ\u00eda para dise\u00f1ar diferentes tipos. para ayudar a los agricultores a obtener arroz blanco, y los diferentes modelos de fresadoras de arroz tienen diferentes capacidades. La m\u00e1quina procesadora de arroz Taizy no solo es adecuada para industrias sino tambi\u00e9n para particulares.<\/p> <\/div> <\/div>    <div class=\"wp-block-columns is-layout-flex wp-container-core-columns-is-layout-9d6595d7 wp-block-columns-is-layout-flex\"> <div class=\"wp-block-column is-layout-flow wp-block-column-is-layout-flow\"> <h2 class=\"has-text-align-center wp-block-heading\">Nuestro servicio<\/h2>    <hr class=\"wp-block-separator\"\/>    <p class=\"font\">Taizy Machinery Co., LTD cuenta con muchos t\u00e9cnicos y expertos experimentados, y la innovaci\u00f3n y el desarrollo continuos nos impulsan a mantenernos al d\u00eda. Adem\u00e1s, contamos con un completo servicio posventa en l\u00ednea las 24 horas. En cuanto a las m\u00e1quinas procesadoras de arroz de gran tama\u00f1o, podemos contratar a nuestros t\u00e9cnicos para que instalen y capaciten a sus trabajadores sobre c\u00f3mo operar en el extranjero.  <\/p>    <p class=\"font\">Adem\u00e1s, podemos proporcionarle an\u00e1lisis de mercado y beneficios. Con todo, Taizy Machinery es un famoso proveedor de m\u00e1quinas procesadoras de arroz.<\/p>    <div class=\"wp-block-button n2-ss-button-container\"><a class=\"wp-block-button__link no-border-radius\" href=\"https:\/\/rice-machinery.com\/es\/contact-us\/\">Cont\u00e1ctenos<\/a><\/div> <\/div>    <div class=\"wp-block-column is-layout-flow wp-block-column-is-layout-flow\"> <figure class=\"wp-block-image size-large\"><img loading=\"lazy\" decoding=\"async\" width=\"600\" height=\"400\" src=\"https:\/\/rice-machinery.com\/wp-content\/uploads\/2019\/11\/Our-certificate.jpg\" alt=\"\" class=\"wp-image-546\" title=\"\" srcset=\"https:\/\/rice-machinery.com\/wp-content\/uploads\/2019\/11\/Our-certificate.jpg 600w, https:\/\/rice-machinery.com\/wp-content\/uploads\/2019\/11\/Our-certificate-360x240.jpg 360w\" sizes=\"auto, (max-width: 600px) 100vw, 600px\" \/><\/figure> <\/div> <\/div>    <h2 class=\"has-text-align-center wp-block-heading\">Una gama completa de soluciones desde la siembra, la cosecha hasta el procesamiento.<\/h2>    <hr class=\"wp-block-separator\"\/>    <div class=\"pt-cv-wrapper\"><div class=\"pt-cv-view pt-cv-grid pt-cv-colsys\" id=\"pt-cv-view-0bc5b6d8do\"><div data-id=\"pt-cv-page-1\" class=\"pt-cv-page\" data-cvc=\"3\"><div class=\"col-md-4 col-sm-6 col-xs-12 pt-cv-content-item pt-cv-1-col\"  data-pid=\"7103\"><div class='pt-cv-ifield'><a href=\"https:\/\/rice-machinery.com\/es\/40-ton-rice-milling-machine-production-line\/\" class=\"_self pt-cv-href-thumbnail pt-cv-thumb-default cvplbd\" target=\"_self\" ><img loading=\"lazy\" decoding=\"async\" width=\"720\" height=\"540\" src=\"https:\/\/rice-machinery.com\/wp-content\/uploads\/2023\/11\/40-ton-rice-milling-machine-production-line-1.webp\" class=\"pt-cv-thumbnail img-none\" alt=\"L\u00ednea de producci\u00f3n de fresadora de arroz de 40 toneladas\" srcset=\"https:\/\/rice-machinery.com\/wp-content\/uploads\/2023\/11\/40-ton-rice-milling-machine-production-line-1.webp 720w, https:\/\/rice-machinery.com\/wp-content\/uploads\/2023\/11\/40-ton-rice-milling-machine-production-line-1-360x270.webp 360w, https:\/\/rice-machinery.com\/wp-content\/uploads\/2023\/11\/40-ton-rice-milling-machine-production-line-1-180x135.webp 180w\" sizes=\"auto, (max-width: 720px) 100vw, 720px\" title=\"\"><\/a> <h4 class=\"pt-cv-title\"><a href=\"https:\/\/rice-machinery.com\/es\/40-ton-rice-milling-machine-production-line\/\" class=\"_self cvplbd\" target=\"_self\" >L\u00ednea de producci\u00f3n de fresadora de arroz de 40 toneladas<\/a><\/h4><\/div><\/div> <div class=\"col-md-4 col-sm-6 col-xs-12 pt-cv-content-item pt-cv-1-col\"  data-pid=\"7084\"><div class='pt-cv-ifield'><a href=\"https:\/\/rice-machinery.com\/es\/30-ton-commercial-rice-milling-machine-plant\/\" class=\"_self pt-cv-href-thumbnail pt-cv-thumb-default cvplbd\" target=\"_self\" ><img loading=\"lazy\" decoding=\"async\" width=\"720\" height=\"540\" src=\"https:\/\/rice-machinery.com\/wp-content\/uploads\/2023\/11\/30-ton-commercial-rice-milling-machine-plant-1.webp\" class=\"pt-cv-thumbnail img-none\" alt=\"Planta comercial de fresado de arroz de 30 toneladas\" srcset=\"https:\/\/rice-machinery.com\/wp-content\/uploads\/2023\/11\/30-ton-commercial-rice-milling-machine-plant-1.webp 720w, https:\/\/rice-machinery.com\/wp-content\/uploads\/2023\/11\/30-ton-commercial-rice-milling-machine-plant-1-360x270.webp 360w, https:\/\/rice-machinery.com\/wp-content\/uploads\/2023\/11\/30-ton-commercial-rice-milling-machine-plant-1-180x135.webp 180w\" sizes=\"auto, (max-width: 720px) 100vw, 720px\" title=\"\"><\/a> <h4 class=\"pt-cv-title\"><a href=\"https:\/\/rice-machinery.com\/es\/30-ton-commercial-rice-milling-machine-plant\/\" class=\"_self cvplbd\" target=\"_self\" >Planta comercial de fresado de arroz de 30 toneladas<\/a><\/h4><\/div><\/div> <div class=\"col-md-4 col-sm-6 col-xs-12 pt-cv-content-item pt-cv-1-col\"  data-pid=\"6937\"><div class='pt-cv-ifield'><a href=\"https:\/\/rice-machinery.com\/es\/25-ton-automatic-rice-milling-unit\/\" class=\"_self pt-cv-href-thumbnail pt-cv-thumb-default cvplbd\" target=\"_self\" ><img loading=\"lazy\" decoding=\"async\" width=\"720\" height=\"540\" src=\"https:\/\/rice-machinery.com\/wp-content\/uploads\/2023\/11\/25-ton-automatic-rice-milling-unit.webp\" class=\"pt-cv-thumbnail img-none\" alt=\"Unidad de molienda de arroz autom\u00e1tica de 25 toneladas\" srcset=\"https:\/\/rice-machinery.com\/wp-content\/uploads\/2023\/11\/25-ton-automatic-rice-milling-unit.webp 720w, https:\/\/rice-machinery.com\/wp-content\/uploads\/2023\/11\/25-ton-automatic-rice-milling-unit-360x270.webp 360w, https:\/\/rice-machinery.com\/wp-content\/uploads\/2023\/11\/25-ton-automatic-rice-milling-unit-180x135.webp 180w\" sizes=\"auto, (max-width: 720px) 100vw, 720px\" title=\"\"><\/a> <h4 class=\"pt-cv-title\"><a href=\"https:\/\/rice-machinery.com\/es\/25-ton-automatic-rice-milling-unit\/\" class=\"_self cvplbd\" target=\"_self\" >Unidad de molienda de arroz autom\u00e1tica de 25 toneladas<\/a><\/h4><\/div><\/div> <div class=\"col-md-4 col-sm-6 col-xs-12 pt-cv-content-item pt-cv-1-col\"  data-pid=\"6856\"><div class='pt-cv-ifield'><a href=\"https:\/\/rice-machinery.com\/es\/25-ton-rice-milling-machine-production-line\/\" class=\"_self pt-cv-href-thumbnail pt-cv-thumb-default cvplbd\" target=\"_self\" ><img loading=\"lazy\" decoding=\"async\" width=\"720\" height=\"540\" src=\"https:\/\/rice-machinery.com\/wp-content\/uploads\/2023\/11\/25-ton-rice-milling-machine-production-line-1.webp\" class=\"pt-cv-thumbnail img-none\" alt=\"L\u00ednea de producci\u00f3n de fresadora de arroz de 25 toneladas\" srcset=\"https:\/\/rice-machinery.com\/wp-content\/uploads\/2023\/11\/25-ton-rice-milling-machine-production-line-1.webp 720w, https:\/\/rice-machinery.com\/wp-content\/uploads\/2023\/11\/25-ton-rice-milling-machine-production-line-1-360x270.webp 360w, https:\/\/rice-machinery.com\/wp-content\/uploads\/2023\/11\/25-ton-rice-milling-machine-production-line-1-180x135.webp 180w\" sizes=\"auto, (max-width: 720px) 100vw, 720px\" title=\"\"><\/a> <h4 class=\"pt-cv-title\"><a href=\"https:\/\/rice-machinery.com\/es\/25-ton-rice-milling-machine-production-line\/\" class=\"_self cvplbd\" target=\"_self\" >L\u00ednea de producci\u00f3n de fresadora de arroz de 25 toneladas<\/a><\/h4><\/div><\/div> <div class=\"col-md-4 col-sm-6 col-xs-12 pt-cv-content-item pt-cv-1-col\"  data-pid=\"6727\"><div class='pt-cv-ifield'><a href=\"https:\/\/rice-machinery.com\/es\/30t-d-complete-rice-milling-machine-plant\/\" class=\"_self pt-cv-href-thumbnail pt-cv-thumb-default cvplbd\" target=\"_self\" ><img loading=\"lazy\" decoding=\"async\" width=\"720\" height=\"540\" src=\"https:\/\/rice-machinery.com\/wp-content\/uploads\/2023\/11\/30TPD-Complete-Rice-Milling-Machine-Plant.webp\" class=\"pt-cv-thumbnail img-none\" alt=\"Planta completa de fresadora de arroz 30TPD\" srcset=\"https:\/\/rice-machinery.com\/wp-content\/uploads\/2023\/11\/30TPD-Complete-Rice-Milling-Machine-Plant.webp 720w, https:\/\/rice-machinery.com\/wp-content\/uploads\/2023\/11\/30TPD-Complete-Rice-Milling-Machine-Plant-360x270.webp 360w, https:\/\/rice-machinery.com\/wp-content\/uploads\/2023\/11\/30TPD-Complete-Rice-Milling-Machine-Plant-180x135.webp 180w\" sizes=\"auto, (max-width: 720px) 100vw, 720px\" title=\"\"><\/a> <h4 class=\"pt-cv-title\"><a href=\"https:\/\/rice-machinery.com\/es\/30t-d-complete-rice-milling-machine-plant\/\" class=\"_self cvplbd\" target=\"_self\" >Planta completa de fresadora de arroz 30TPD<\/a><\/h4><\/div><\/div> <div class=\"col-md-4 col-sm-6 col-xs-12 pt-cv-content-item pt-cv-1-col\"  data-pid=\"6702\"><div class='pt-cv-ifield'><a href=\"https:\/\/rice-machinery.com\/es\/25t-d-integrated-rice-milling-unit\/\" class=\"_self pt-cv-href-thumbnail pt-cv-thumb-default cvplbd\" target=\"_self\" ><img loading=\"lazy\" decoding=\"async\" width=\"720\" height=\"540\" src=\"https:\/\/rice-machinery.com\/wp-content\/uploads\/2023\/11\/25TD-Integrated-Rice-Milling-Unit-1.webp\" class=\"pt-cv-thumbnail img-none\" alt=\"Unidad de molienda de arroz integrada 25TD\" srcset=\"https:\/\/rice-machinery.com\/wp-content\/uploads\/2023\/11\/25TD-Integrated-Rice-Milling-Unit-1.webp 720w, https:\/\/rice-machinery.com\/wp-content\/uploads\/2023\/11\/25TD-Integrated-Rice-Milling-Unit-1-360x270.webp 360w, https:\/\/rice-machinery.com\/wp-content\/uploads\/2023\/11\/25TD-Integrated-Rice-Milling-Unit-1-180x135.webp 180w\" sizes=\"auto, (max-width: 720px) 100vw, 720px\" title=\"\"><\/a> <h4 class=\"pt-cv-title\"><a href=\"https:\/\/rice-machinery.com\/es\/25t-d-integrated-rice-milling-unit\/\" class=\"_self cvplbd\" target=\"_self\" >Unidad de molienda de arroz integrada 25TPD<\/a><\/h4><\/div><\/div><\/div><\/div><\/div>\t\t\t<style type=\"text\/css\" id=\"pt-cv-inline-style-4d66f101ah\">#pt-cv-view-0bc5b6d8do .pt-cv-title a, #pt-cv-view-0bc5b6d8do  .panel-title { font-weight: 600 !important; } #pt-cv-view-0bc5b6d8do .pt-cv-readmore  { color: #ffffff !important; background-color: #00aeef !important; } #pt-cv-view-0bc5b6d8do .pt-cv-readmore:hover  { color: #ffffff !important; background-color: #00aeef !important; }<\/style>  \t\t\t    <section class=\"why_choose_us\"> <div class=\"theme_title_bg\"> <div class=\"theme_title center\"> <div class=\"container choose\"> <h1>Por qu\u00e9 elegirnos<\/h1> <\/div> <\/div> <\/div> <div class=\"grid-container row\"> <div class=\"grid-parent grid-50 tablet-grid-50 mobile-grid-100\"> <div class=\"choose_us_item tran3s\"> <div class=\"text float_left\"> <h5 class=\"tran3s\">El cliente primero<\/h5> <p class=\"tran3s\">Siempre damos prioridad al beneficio del cliente, sin importar qu\u00e9 m\u00e1quina compren, y todas las m\u00e1quinas se personalizan de acuerdo con los requisitos del cliente.<\/p> <\/div> <p><!-- End of .text --><\/p> <div class=\"clear_fix\">&nbsp;<\/div> <\/div> <p><!-- End of .choose_us_item --><\/p> <\/div> <div class=\"grid-parent grid-50 tablet-grid-50 mobile-grid-100\"> <div class=\"choose_us_item tran3s\"> <div class=\"text float_left\"> <h5 class=\"tran3s\">El cliente primero<\/h5> <p class=\"tran3s\">Ofrecemos servicio gratuito de recogida en el aeropuerto y reserva de hotel si visita nuestra f\u00e1brica. Es importante destacar que, si lo desea, podemos mostrarle lugares esc\u00e9nicos famosos y brindarle una experiencia diferente.<\/p> <\/div> <p><!-- End of .text --><\/p> <div class=\"clear_fix\">&nbsp;<\/div> <\/div> <p><!-- End of .choose_us_item --><\/p> <\/div> <p><!-- End of .col --><!-- ______________ Item _____________ --><\/p> <div class=\"grid-parent grid-50 tablet-grid-50 mobile-grid-100\"> <div class=\"choose_us_item tran3s\"> <div class=\"text float_left\"> <h5 class=\"tran3s\">Garant\u00eda de calidad<\/h5> <p class=\"tran3s\">Todas nuestras m\u00e1quinas procesadoras de arroz est\u00e1n equipadas con alta calidad y nuestros trabajadores revisan cada pieza cuidadosamente antes de la entrega. Estamos autorizados por certificaciones como TUV, BV, ISO y SGS, y le enviaremos piezas de repuesto de forma gratuita durante el tiempo de garant\u00eda.<\/p> <\/div> <p><!-- End of .text --><\/p> <div class=\"clear_fix\">&nbsp;<\/div> <\/div> <p><!-- End of .choose_us_item --><\/p> <\/div> <p><!-- End of .col --><!-- ______________ Item _____________ --><\/p> <div class=\"grid-parent grid-50 tablet-grid-50 mobile-grid-100\"> <div class=\"choose_us_item tran3s\"> <div class=\"text float_left\"> <h5 class=\"tran3s\">Sugerencia \u00fatil<\/h5> <p class=\"tran3s\">Le proporcionaremos sugerencias \u00fatiles, como an\u00e1lisis de mercado y an\u00e1lisis de beneficios, recuperando el costo en poco tiempo.<\/p> <\/div> <\/div> <p><!-- End of .choose_us_item --><\/p> <\/div> <p><!-- End of .col --><\/p> <\/div> <p><!-- End of .container --><\/p> <\/section> <div class=\"ricefaq\"> <h1>Preguntas m\u00e1s frecuentes<\/h1> <hr class=\"wp-block-separator\"> <div class=\"schema-faq wp-block-yoast-faq-block\"> <div class=\"grid-container\"> <div class=\"grid-parent grid-50 tablet-grid-50 mobile-grid-100\"> <ul class=\"ricecheck\"> <div class=\"schema-faq-section\"> <li class=\"checknumber\"><strong class=\"schema-faq-question\"> 1. \u00bfA qu\u00e9 te dedicas principalmente? <\/strong> <\/li> <p class=\"schema-faq-answer\"> Principalmente fabricamos m\u00e1quinas procesadoras de arroz, como trasplantadoras de arroz, cosechadoras de arroz, trilladoras de arroz, molineras y despedregadoras de arroz, etc. <\/p>  <\/div>  <div class=\"schema-faq-section\"> <li class=\"checknumber\"><strong class=\"schema-faq-question\"> 2. \u00bfPuedo obtener repuestos gratis durante el tiempo de garant\u00eda? <\/strong> <\/li> <p class=\"schema-faq-answer\"> Si es problema de la m\u00e1quina en s\u00ed, te lo enviaremos gratis. <\/p> <\/div>  <div class=\"schema-faq-section\"> <li class=\"checknumber\"><strong class=\"schema-faq-question\"> 3. \u00bfHar\u00e1 que un ingeniero profesional instale la m\u00e1quina por m\u00ed? <\/strong><\/li>  <p class=\"schema-faq-answer\"> S\u00ed, por supuesto, si es necesario, podemos asignar un ingeniero para que vaya a su pa\u00eds a instalarlo y capacitar a sus trabajadores sobre c\u00f3mo usarlo. <\/p> <\/div>  <\/ul> <\/div> <div class=\"grid-parent grid-50 tablet-grid-50 mobile-grid-100\"> <ul class=\"ricecheck\"> <div class=\"schema-faq-section\"> <li class=\"checknumber\"><strong class=\"schema-faq-question\"> 4. \u00bfSu m\u00e1quina procesadora de arroz es adecuada para uso dom\u00e9stico o industrial? <\/strong> <\/li> <p class=\"schema-faq-answer\"> Contamos con una variedad de m\u00e1quinas con diferentes capacidades, y pueden usarse para la industria dom\u00e9stica o de procesamiento de arroz.<\/p> <\/div>  <div class=\"schema-faq-section\"> <li class=\"checknumber\"><strong class=\"schema-faq-question\"> 5. \u00bfTiene libro de instrucciones para cada m\u00e1quina?  <\/strong> <\/li> <p class=\"schema-faq-answer\">S\u00ed, tambi\u00e9n tenemos un v\u00eddeo de operaci\u00f3n para ayudarle a operarlo.<\/p> <\/div>  <div class=\"schema-faq-section\"> <li class=\"checknumber\"><strong class=\"schema-faq-question\">6. \u00bfCu\u00e1l es la materia prima de sus m\u00e1quinas?<\/strong> <\/li> <p class=\"schema-faq-answer\"> La mayor\u00eda de las m\u00e1quinas est\u00e1n hechas de acero al carbono, pero no te preocupes, todas est\u00e1n equipadas con alta calidad y pueden usarse durante mucho tiempo. <\/p> <\/div>   <\/ul> <\/div> <\/div> <\/div>","protected":false},"excerpt":{"rendered":"","protected":false},"author":1,"featured_media":0,"parent":0,"menu_order":0,"comment_status":"closed","ping_status":"closed","template":"","meta":{"footnotes":""},"class_list":["post-27","page","type-page","status-publish"],"_links":{"self":[{"href":"https:\/\/rice-machinery.com\/es\/wp-json\/wp\/v2\/pages\/27","targetHints":{"allow":["GET"]}}],"collection":[{"href":"https:\/\/rice-machinery.com\/es\/wp-json\/wp\/v2\/pages"}],"about":[{"href":"https:\/\/rice-machinery.com\/es\/wp-json\/wp\/v2\/types\/page"}],"author":[{"embeddable":true,"href":"https:\/\/rice-machinery.com\/es\/wp-json\/wp\/v2\/users\/1"}],"replies":[{"embeddable":true,"href":"https:\/\/rice-machinery.com\/es\/wp-json\/wp\/v2\/comments?post=27"}],"version-history":[{"count":0,"href":"https:\/\/rice-machinery.com\/es\/wp-json\/wp\/v2\/pages\/27\/revisions"}],"wp:attachment":[{"href":"https:\/\/rice-machinery.com\/es\/wp-json\/wp\/v2\/media?parent=27"}],"curies":[{"name":"wp","href":"https:\/\/api.w.org\/{rel}","templated":true}]}}