{"id":10,"date":"2019-11-11T02:21:14","date_gmt":"2019-11-11T02:21:14","guid":{"rendered":"http:\/\/rice-machinery.com\/?page_id=10"},"modified":"2019-11-15T09:59:48","modified_gmt":"2019-11-15T01:59:48","slug":"about-us","status":"publish","type":"page","link":"https:\/\/rice-machinery.com\/fr\/about-us\/","title":{"rendered":"\u00c0 propos de nous"},"content":{"rendered":"<h2>Qui nous sommes<\/h2> <p>Nous nous engageons principalement dans des machines telles que la planteuse de riz, la r\u00e9colteuse de riz, la batteuse de riz, la fraiseuse de riz et l'\u00e9pieur de riz, dont la fraiseuse de riz est la plus populaire ces derni\u00e8res ann\u00e9es, car nous investissons beaucoup de temps et d'\u00e9nergie pour en concevoir diff\u00e9rents types. pour aider les agriculteurs \u00e0 obtenir du riz blanc, et diff\u00e9rents mod\u00e8les de fraiseuses \u00e0 riz ont des capacit\u00e9s diff\u00e9rentes. La machine de traitement du riz Taizy convient non seulement aux industries mais aussi aux particuliers.<\/p> <p>Taizy Machinery Co., LTD compte de nombreux techniciens et experts exp\u00e9riment\u00e9s, et l'innovation et le d\u00e9veloppement continus nous poussent \u00e0 rester dans l'air du temps. De plus, nous disposons d'un service apr\u00e8s-vente en ligne complet 24h\/24, comme pour les machines de traitement du riz de grande taille, nous pouvons organiser nos techniciens pour installer et former vos travailleurs \u00e0 op\u00e9rer \u00e0 l'\u00e9tranger. De plus, nous pouvons vous fournir une analyse du march\u00e9 et des avantages. Dans l\u2019ensemble, Taizy Machinery est un c\u00e9l\u00e8bre fournisseur de machines de transformation du riz.<\/p> <h2>Notre service<\/h2> <h3>Le client d'abord<\/h3> <p>Nous accordons toujours la priorit\u00e9 au b\u00e9n\u00e9fice du client, quelle que soit la machine qu'il ach\u00e8te, et toutes les machines sont personnalis\u00e9es conform\u00e9ment aux exigences du client. De plus, nous proposons un service gratuit de prise en charge \u00e0 l'a\u00e9roport et de r\u00e9servation d'h\u00f4tel si vous visitez notre usine. Surtout, si vous le souhaitez, nous pouvons vous faire visiter un site pittoresque c\u00e9l\u00e8bre, vous apportant une exp\u00e9rience diff\u00e9rente.<\/p> <h3>Qualit\u00e9 garantie<\/h3> <p>Toutes nos machines de transformation du riz sont \u00e9quip\u00e9es de haute qualit\u00e9 et nos ouvriers v\u00e9rifient soigneusement chaque pi\u00e8ce avant la livraison. Nous sommes autoris\u00e9s par des certifications telles que TUV, BV, ISO et SGS, et vous enverrons des pi\u00e8ces de rechange gratuitement pendant la p\u00e9riode de garantie.<\/p> <h3>Suggestion utile<\/h3> <p>Nous vous fournirons des suggestions utiles telles qu\u2019une analyse de march\u00e9 et une analyse des avantages, vous permettant ainsi de r\u00e9cup\u00e9rer le co\u00fbt en peu de temps.<\/p>","protected":false},"excerpt":{"rendered":"","protected":false},"author":1,"featured_media":0,"parent":0,"menu_order":0,"comment_status":"closed","ping_status":"closed","template":"","meta":{"footnotes":""},"class_list":["post-10","page","type-page","status-publish"],"_links":{"self":[{"href":"https:\/\/rice-machinery.com\/fr\/wp-json\/wp\/v2\/pages\/10","targetHints":{"allow":["GET"]}}],"collection":[{"href":"https:\/\/rice-machinery.com\/fr\/wp-json\/wp\/v2\/pages"}],"about":[{"href":"https:\/\/rice-machinery.com\/fr\/wp-json\/wp\/v2\/types\/page"}],"author":[{"embeddable":true,"href":"https:\/\/rice-machinery.com\/fr\/wp-json\/wp\/v2\/users\/1"}],"replies":[{"embeddable":true,"href":"https:\/\/rice-machinery.com\/fr\/wp-json\/wp\/v2\/comments?post=10"}],"version-history":[{"count":0,"href":"https:\/\/rice-machinery.com\/fr\/wp-json\/wp\/v2\/pages\/10\/revisions"}],"wp:attachment":[{"href":"https:\/\/rice-machinery.com\/fr\/wp-json\/wp\/v2\/media?parent=10"}],"curies":[{"name":"wp","href":"https:\/\/api.w.org\/{rel}","templated":true}]}}