{"id":27,"date":"2019-11-11T08:04:25","date_gmt":"2019-11-11T08:04:25","guid":{"rendered":"http:\/\/rice-machinery.com\/?page_id=27"},"modified":"2020-04-27T16:11:16","modified_gmt":"2020-04-27T08:11:16","slug":"taizy-rice-machines","status":"publish","type":"page","link":"https:\/\/rice-machinery.com\/fr\/","title":{"rendered":"machines \u00e0 riz Taizy"},"content":{"rendered":"<div class=\"grid-container head\">  <h2 class=\"has-text-align-center\"><span style=\"vertical-align: inherit;\"><span style=\"vertical-align: inherit;\"><span style=\"vertical-align: inherit;\"><span style=\"vertical-align: inherit;\">Machines Cie., Ltd de Taizy.<\/span><\/span><\/span><\/span><\/h2>    <hr class=\"wp-block-separator\"\/>    <p><span style=\"vertical-align: inherit;\"><span style=\"vertical-align: inherit;\">Construit en 2011, Zhengzhou Taizy Machinery Co., LTD est un fabricant bien connu de machines de transformation du riz. Son si\u00e8ge social est situ\u00e9 dans la ville de Zheng Zhou, dans la province du Henan, en Chine, et int\u00e8gre le d\u00e9veloppement et l'innovation dans son ensemble, dans le but de produire une machine impliqu\u00e9e dans le riz de haute qualit\u00e9. Motiv\u00e9s par cet objectif, nous optimisons constamment la structure de la machine \u00e0 riz sur la base du demande du march\u00e9 afin de les rendre plus raisonnables et pratiques, c'est pourquoi un nombre croissant de machines de transformation du riz Taizy sont export\u00e9es chaque mois vers de nombreux pays.<\/span><\/span><\/p>    <div class=\"wp-block-columns is-layout-flex wp-container-core-columns-is-layout-9d6595d7 wp-block-columns-is-layout-flex\"> <div class=\"wp-block-column is-layout-flow wp-block-column-is-layout-flow\"> <figure class=\"wp-block-image size-large\"><img loading=\"lazy\" decoding=\"async\" width=\"600\" height=\"330\" src=\"https:\/\/rice-machinery.com\/wp-content\/uploads\/2019\/11\/taizy-mahinery.jpg\" alt=\"\" class=\"wp-image-573\" title=\"\" srcset=\"https:\/\/rice-machinery.com\/wp-content\/uploads\/2019\/11\/taizy-mahinery.jpg 600w, https:\/\/rice-machinery.com\/wp-content\/uploads\/2019\/11\/taizy-mahinery-360x198.jpg 360w\" sizes=\"auto, (max-width: 600px) 100vw, 600px\" \/><\/figure> <\/div>    <div class=\"wp-block-column is-layout-flow wp-block-column-is-layout-flow\"> <h2 class=\"has-text-align-center wp-block-heading\">Notre machine<\/h2>    <hr class=\"wp-block-separator\"\/>    <p>Nous nous engageons principalement dans des machines telles que la planteuse de riz, la r\u00e9colteuse de riz, la batteuse de riz, la fraiseuse de riz et l'\u00e9pieur de riz, dont la fraiseuse de riz est la plus populaire ces derni\u00e8res ann\u00e9es, car nous investissons beaucoup de temps et d'\u00e9nergie pour en concevoir diff\u00e9rents types. pour aider les agriculteurs \u00e0 obtenir du riz blanc, et diff\u00e9rents mod\u00e8les de fraiseuses \u00e0 riz ont des capacit\u00e9s diff\u00e9rentes. La machine de traitement du riz Taizy convient non seulement aux industries mais aussi aux particuliers.<\/p> <\/div> <\/div>    <div class=\"wp-block-columns is-layout-flex wp-container-core-columns-is-layout-9d6595d7 wp-block-columns-is-layout-flex\"> <div class=\"wp-block-column is-layout-flow wp-block-column-is-layout-flow\"> <h2 class=\"has-text-align-center wp-block-heading\">Notre service<\/h2>    <hr class=\"wp-block-separator\"\/>    <p class=\"font\">Taizy Machinery Co., LTD compte de nombreux techniciens et experts exp\u00e9riment\u00e9s, et l'innovation et le d\u00e9veloppement continus nous poussent \u00e0 rester dans l'air du temps. De plus, nous disposons d'un service apr\u00e8s-vente en ligne complet 24h\/24, comme pour les machines de traitement du riz de grande taille, nous pouvons organiser nos techniciens pour installer et former vos travailleurs \u00e0 op\u00e9rer \u00e0 l'\u00e9tranger.  <\/p>    <p class=\"font\">De plus, nous pouvons vous fournir une analyse du march\u00e9 et des avantages. Dans l\u2019ensemble, Taizy Machinery est un c\u00e9l\u00e8bre fournisseur de machines de transformation du riz.<\/p>    <div class=\"wp-block-button n2-ss-button-container\"><a class=\"wp-block-button__link no-border-radius\" href=\"https:\/\/rice-machinery.com\/fr\/contact-us\/\">Contactez-nous<\/a><\/div> <\/div>    <div class=\"wp-block-column is-layout-flow wp-block-column-is-layout-flow\"> <figure class=\"wp-block-image size-large\"><img loading=\"lazy\" decoding=\"async\" width=\"600\" height=\"400\" src=\"https:\/\/rice-machinery.com\/wp-content\/uploads\/2019\/11\/Our-certificate.jpg\" alt=\"\" class=\"wp-image-546\" title=\"\" srcset=\"https:\/\/rice-machinery.com\/wp-content\/uploads\/2019\/11\/Our-certificate.jpg 600w, https:\/\/rice-machinery.com\/wp-content\/uploads\/2019\/11\/Our-certificate-360x240.jpg 360w\" sizes=\"auto, (max-width: 600px) 100vw, 600px\" \/><\/figure> <\/div> <\/div>    <h2 class=\"has-text-align-center wp-block-heading\">Une gamme compl\u00e8te de solutions depuis la plantation, la r\u00e9colte jusqu'\u00e0 la transformation<\/h2>    <hr class=\"wp-block-separator\"\/>    <div class=\"pt-cv-wrapper\"><div class=\"pt-cv-view pt-cv-grid pt-cv-colsys\" id=\"pt-cv-view-0bc5b6d8do\"><div data-id=\"pt-cv-page-1\" class=\"pt-cv-page\" data-cvc=\"3\"><div class=\"col-md-4 col-sm-6 col-xs-12 pt-cv-content-item pt-cv-1-col\"  data-pid=\"7103\"><div class='pt-cv-ifield'><a href=\"https:\/\/rice-machinery.com\/fr\/40-ton-rice-milling-machine-production-line\/\" class=\"_self pt-cv-href-thumbnail pt-cv-thumb-default cvplbd\" target=\"_self\" ><img loading=\"lazy\" decoding=\"async\" width=\"720\" height=\"540\" src=\"https:\/\/rice-machinery.com\/wp-content\/uploads\/2023\/11\/40-ton-rice-milling-machine-production-line-1.webp\" class=\"pt-cv-thumbnail img-none\" alt=\"Ligne de production de fraiseuse \u00e0 riz de 40 tonnes\" srcset=\"https:\/\/rice-machinery.com\/wp-content\/uploads\/2023\/11\/40-ton-rice-milling-machine-production-line-1.webp 720w, https:\/\/rice-machinery.com\/wp-content\/uploads\/2023\/11\/40-ton-rice-milling-machine-production-line-1-360x270.webp 360w, https:\/\/rice-machinery.com\/wp-content\/uploads\/2023\/11\/40-ton-rice-milling-machine-production-line-1-180x135.webp 180w\" sizes=\"auto, (max-width: 720px) 100vw, 720px\" title=\"\"><\/a> <h4 class=\"pt-cv-title\"><a href=\"https:\/\/rice-machinery.com\/fr\/40-ton-rice-milling-machine-production-line\/\" class=\"_self cvplbd\" target=\"_self\" >Ligne de production de fraiseuse \u00e0 riz de 40 tonnes<\/a><\/h4><\/div><\/div> <div class=\"col-md-4 col-sm-6 col-xs-12 pt-cv-content-item pt-cv-1-col\"  data-pid=\"7084\"><div class='pt-cv-ifield'><a href=\"https:\/\/rice-machinery.com\/fr\/30-ton-commercial-rice-milling-machine-plant\/\" class=\"_self pt-cv-href-thumbnail pt-cv-thumb-default cvplbd\" target=\"_self\" ><img loading=\"lazy\" decoding=\"async\" width=\"720\" height=\"540\" src=\"https:\/\/rice-machinery.com\/wp-content\/uploads\/2023\/11\/30-ton-commercial-rice-milling-machine-plant-1.webp\" class=\"pt-cv-thumbnail img-none\" alt=\"Usine commerciale de fraiseuse de riz de 30 tonnes\" srcset=\"https:\/\/rice-machinery.com\/wp-content\/uploads\/2023\/11\/30-ton-commercial-rice-milling-machine-plant-1.webp 720w, https:\/\/rice-machinery.com\/wp-content\/uploads\/2023\/11\/30-ton-commercial-rice-milling-machine-plant-1-360x270.webp 360w, https:\/\/rice-machinery.com\/wp-content\/uploads\/2023\/11\/30-ton-commercial-rice-milling-machine-plant-1-180x135.webp 180w\" sizes=\"auto, (max-width: 720px) 100vw, 720px\" title=\"\"><\/a> <h4 class=\"pt-cv-title\"><a href=\"https:\/\/rice-machinery.com\/fr\/30-ton-commercial-rice-milling-machine-plant\/\" class=\"_self cvplbd\" target=\"_self\" >Usine commerciale de fraiseuse de riz de 30 tonnes<\/a><\/h4><\/div><\/div> <div class=\"col-md-4 col-sm-6 col-xs-12 pt-cv-content-item pt-cv-1-col\"  data-pid=\"6937\"><div class='pt-cv-ifield'><a href=\"https:\/\/rice-machinery.com\/fr\/25-ton-automatic-rice-milling-unit\/\" class=\"_self pt-cv-href-thumbnail pt-cv-thumb-default cvplbd\" target=\"_self\" ><img loading=\"lazy\" decoding=\"async\" width=\"720\" height=\"540\" src=\"https:\/\/rice-machinery.com\/wp-content\/uploads\/2023\/11\/25-ton-automatic-rice-milling-unit.webp\" class=\"pt-cv-thumbnail img-none\" alt=\"Unit\u00e9 de broyage de riz automatique de 25 tonnes\" srcset=\"https:\/\/rice-machinery.com\/wp-content\/uploads\/2023\/11\/25-ton-automatic-rice-milling-unit.webp 720w, https:\/\/rice-machinery.com\/wp-content\/uploads\/2023\/11\/25-ton-automatic-rice-milling-unit-360x270.webp 360w, https:\/\/rice-machinery.com\/wp-content\/uploads\/2023\/11\/25-ton-automatic-rice-milling-unit-180x135.webp 180w\" sizes=\"auto, (max-width: 720px) 100vw, 720px\" title=\"\"><\/a> <h4 class=\"pt-cv-title\"><a href=\"https:\/\/rice-machinery.com\/fr\/25-ton-automatic-rice-milling-unit\/\" class=\"_self cvplbd\" target=\"_self\" >Unit\u00e9 de broyage de riz automatique de 25 tonnes<\/a><\/h4><\/div><\/div> <div class=\"col-md-4 col-sm-6 col-xs-12 pt-cv-content-item pt-cv-1-col\"  data-pid=\"6856\"><div class='pt-cv-ifield'><a href=\"https:\/\/rice-machinery.com\/fr\/25-ton-rice-milling-machine-production-line\/\" class=\"_self pt-cv-href-thumbnail pt-cv-thumb-default cvplbd\" target=\"_self\" ><img loading=\"lazy\" decoding=\"async\" width=\"720\" height=\"540\" src=\"https:\/\/rice-machinery.com\/wp-content\/uploads\/2023\/11\/25-ton-rice-milling-machine-production-line-1.webp\" class=\"pt-cv-thumbnail img-none\" alt=\"Ligne de production de fraiseuse \u00e0 riz de 25 tonnes\" srcset=\"https:\/\/rice-machinery.com\/wp-content\/uploads\/2023\/11\/25-ton-rice-milling-machine-production-line-1.webp 720w, https:\/\/rice-machinery.com\/wp-content\/uploads\/2023\/11\/25-ton-rice-milling-machine-production-line-1-360x270.webp 360w, https:\/\/rice-machinery.com\/wp-content\/uploads\/2023\/11\/25-ton-rice-milling-machine-production-line-1-180x135.webp 180w\" sizes=\"auto, (max-width: 720px) 100vw, 720px\" title=\"\"><\/a> <h4 class=\"pt-cv-title\"><a href=\"https:\/\/rice-machinery.com\/fr\/25-ton-rice-milling-machine-production-line\/\" class=\"_self cvplbd\" target=\"_self\" >Ligne de production de fraiseuse \u00e0 riz de 25 tonnes<\/a><\/h4><\/div><\/div> <div class=\"col-md-4 col-sm-6 col-xs-12 pt-cv-content-item pt-cv-1-col\"  data-pid=\"6727\"><div class='pt-cv-ifield'><a href=\"https:\/\/rice-machinery.com\/fr\/30t-d-complete-rice-milling-machine-plant\/\" class=\"_self pt-cv-href-thumbnail pt-cv-thumb-default cvplbd\" target=\"_self\" ><img loading=\"lazy\" decoding=\"async\" width=\"720\" height=\"540\" src=\"https:\/\/rice-machinery.com\/wp-content\/uploads\/2023\/11\/30TPD-Complete-Rice-Milling-Machine-Plant.webp\" class=\"pt-cv-thumbnail img-none\" alt=\"Usine compl\u00e8te de fraiseuse de riz 30TPD\" srcset=\"https:\/\/rice-machinery.com\/wp-content\/uploads\/2023\/11\/30TPD-Complete-Rice-Milling-Machine-Plant.webp 720w, https:\/\/rice-machinery.com\/wp-content\/uploads\/2023\/11\/30TPD-Complete-Rice-Milling-Machine-Plant-360x270.webp 360w, https:\/\/rice-machinery.com\/wp-content\/uploads\/2023\/11\/30TPD-Complete-Rice-Milling-Machine-Plant-180x135.webp 180w\" sizes=\"auto, (max-width: 720px) 100vw, 720px\" title=\"\"><\/a> <h4 class=\"pt-cv-title\"><a href=\"https:\/\/rice-machinery.com\/fr\/30t-d-complete-rice-milling-machine-plant\/\" class=\"_self cvplbd\" target=\"_self\" >Usine compl\u00e8te de fraiseuse de riz 30TPD<\/a><\/h4><\/div><\/div> <div class=\"col-md-4 col-sm-6 col-xs-12 pt-cv-content-item pt-cv-1-col\"  data-pid=\"6702\"><div class='pt-cv-ifield'><a href=\"https:\/\/rice-machinery.com\/fr\/25t-d-integrated-rice-milling-unit\/\" class=\"_self pt-cv-href-thumbnail pt-cv-thumb-default cvplbd\" target=\"_self\" ><img loading=\"lazy\" decoding=\"async\" width=\"720\" height=\"540\" src=\"https:\/\/rice-machinery.com\/wp-content\/uploads\/2023\/11\/25TD-Integrated-Rice-Milling-Unit-1.webp\" class=\"pt-cv-thumbnail img-none\" alt=\"Unit\u00e9 de broyage de riz int\u00e9gr\u00e9e 25TD\" srcset=\"https:\/\/rice-machinery.com\/wp-content\/uploads\/2023\/11\/25TD-Integrated-Rice-Milling-Unit-1.webp 720w, https:\/\/rice-machinery.com\/wp-content\/uploads\/2023\/11\/25TD-Integrated-Rice-Milling-Unit-1-360x270.webp 360w, https:\/\/rice-machinery.com\/wp-content\/uploads\/2023\/11\/25TD-Integrated-Rice-Milling-Unit-1-180x135.webp 180w\" sizes=\"auto, (max-width: 720px) 100vw, 720px\" title=\"\"><\/a> <h4 class=\"pt-cv-title\"><a href=\"https:\/\/rice-machinery.com\/fr\/25t-d-integrated-rice-milling-unit\/\" class=\"_self cvplbd\" target=\"_self\" >Unit\u00e9 de broyage de riz int\u00e9gr\u00e9e 25TPD<\/a><\/h4><\/div><\/div><\/div><\/div><\/div>\t\t\t<style type=\"text\/css\" id=\"pt-cv-inline-style-5b67b856is\">#pt-cv-view-0bc5b6d8do .pt-cv-title a, #pt-cv-view-0bc5b6d8do  .panel-title { font-weight: 600 !important; } #pt-cv-view-0bc5b6d8do .pt-cv-readmore  { color: #ffffff !important; background-color: #00aeef !important; } #pt-cv-view-0bc5b6d8do .pt-cv-readmore:hover  { color: #ffffff !important; background-color: #00aeef !important; }<\/style>  \t\t\t    <section class=\"why_choose_us\"> <div class=\"theme_title_bg\"> <div class=\"theme_title center\"> <div class=\"container choose\"> <h1>Pourquoi nous choisir<\/h1> <\/div> <\/div> <\/div> <div class=\"grid-container row\"> <div class=\"grid-parent grid-50 tablet-grid-50 mobile-grid-100\"> <div class=\"choose_us_item tran3s\"> <div class=\"text float_left\"> <h5 class=\"tran3s\">Le client d'abord<\/h5> <p class=\"tran3s\">Nous accordons toujours la priorit\u00e9 au b\u00e9n\u00e9fice du client, quelle que soit la machine qu'il ach\u00e8te, et toutes les machines sont personnalis\u00e9es conform\u00e9ment aux exigences du client.<\/p> <\/div> <p><!-- End of .text --><\/p> <div class=\"clear_fix\">&nbsp;<\/div> <\/div> <p><!-- End of .choose_us_item --><\/p> <\/div> <div class=\"grid-parent grid-50 tablet-grid-50 mobile-grid-100\"> <div class=\"choose_us_item tran3s\"> <div class=\"text float_left\"> <h5 class=\"tran3s\">Le client d'abord<\/h5> <p class=\"tran3s\">nous fournissons un service gratuit de prise en charge \u00e0 l'a\u00e9roport et de r\u00e9servation d'h\u00f4tel si vous visitez notre usine. Surtout, si vous le souhaitez, nous pouvons vous faire visiter un site pittoresque c\u00e9l\u00e8bre, vous apportant une exp\u00e9rience diff\u00e9rente.<\/p> <\/div> <p><!-- End of .text --><\/p> <div class=\"clear_fix\">&nbsp;<\/div> <\/div> <p><!-- End of .choose_us_item --><\/p> <\/div> <p><!-- End of .col --><!-- ______________ Item _____________ --><\/p> <div class=\"grid-parent grid-50 tablet-grid-50 mobile-grid-100\"> <div class=\"choose_us_item tran3s\"> <div class=\"text float_left\"> <h5 class=\"tran3s\">Qualit\u00e9 garantie<\/h5> <p class=\"tran3s\">Toutes nos machines de transformation du riz sont \u00e9quip\u00e9es de haute qualit\u00e9 et nos ouvriers v\u00e9rifient soigneusement chaque pi\u00e8ce avant la livraison. Nous sommes autoris\u00e9s par des certifications telles que TUV, BV, ISO et SGS, et vous enverrons des pi\u00e8ces de rechange gratuitement pendant la p\u00e9riode de garantie.<\/p> <\/div> <p><!-- End of .text --><\/p> <div class=\"clear_fix\">&nbsp;<\/div> <\/div> <p><!-- End of .choose_us_item --><\/p> <\/div> <p><!-- End of .col --><!-- ______________ Item _____________ --><\/p> <div class=\"grid-parent grid-50 tablet-grid-50 mobile-grid-100\"> <div class=\"choose_us_item tran3s\"> <div class=\"text float_left\"> <h5 class=\"tran3s\">Suggestion utile<\/h5> <p class=\"tran3s\">Nous vous fournirons des suggestions utiles telles qu\u2019une analyse de march\u00e9 et une analyse des avantages, vous permettant ainsi de r\u00e9cup\u00e9rer le co\u00fbt en peu de temps.<\/p> <\/div> <\/div> <p><!-- End of .choose_us_item --><\/p> <\/div> <p><!-- End of .col --><\/p> <\/div> <p><!-- End of .container --><\/p> <\/section> <div class=\"ricefaq\"> <h1>FAQ<\/h1> <hr class=\"wp-block-separator\"> <div class=\"schema-faq wp-block-yoast-faq-block\"> <div class=\"grid-container\"> <div class=\"grid-parent grid-50 tablet-grid-50 mobile-grid-100\"> <ul class=\"ricecheck\"> <div class=\"schema-faq-section\"> <li class=\"checknumber\"><strong class=\"schema-faq-question\"> 1. Dans quoi\u00a0vous\u00a0engagez-vous\u00a0principalement\u00a0? <\/strong> <\/li> <p class=\"schema-faq-answer\"> Nous fabriquons principalement des machines de transformation du riz telles que des transplanteuses de riz, des r\u00e9colteuses de riz, des batteuses de riz, des meuniers \u00e0 riz et des \u00e9pierreuses de riz, etc. <\/p>  <\/div>  <div class=\"schema-faq-section\"> <li class=\"checknumber\"><strong class=\"schema-faq-question\"> 2. Puis-je\u00a0obtenir\u00a0des\u00a0pi\u00e8ces\u00a0de rechange\u00a0gratuitement\u00a0pendant\u00a0la\u00a0p\u00e9riode\u00a0de\u00a0garantie\u00a0? <\/strong> <\/li> <p class=\"schema-faq-answer\"> Si\u00a0c'est\u00a0le\u00a0probl\u00e8me\u00a0de\u00a0la\u00a0machine\u00a0elle-m\u00eame,\u00a0nous\u00a0vous\u00a0enverrons\u00a0gratuitement. <\/p> <\/div>  <div class=\"schema-faq-section\"> <li class=\"checknumber\"><strong class=\"schema-faq-question\"> 3. Allez-vous demander \u00e0 un ing\u00e9nieur professionnel d'installer la machine pour moi\u00a0? <\/strong><\/li>  <p class=\"schema-faq-answer\"> Oui, bien s\u00fbr, si n\u00e9cessaire, nous pouvons d\u00e9signer un ing\u00e9nieur pour se rendre dans votre pays pour l'installer et former vos travailleurs \u00e0 son utilisation. <\/p> <\/div>  <\/ul> <\/div> <div class=\"grid-parent grid-50 tablet-grid-50 mobile-grid-100\"> <ul class=\"ricecheck\"> <div class=\"schema-faq-section\"> <li class=\"checknumber\"><strong class=\"schema-faq-question\"> 4. Votre machine de transformation du riz est-elle adapt\u00e9e \u00e0 un usage domestique ou industriel ? <\/strong> <\/li> <p class=\"schema-faq-answer\"> Nous disposons d'une vari\u00e9t\u00e9 de machines de diff\u00e9rentes capacit\u00e9s, et elles peuvent \u00eatre utilis\u00e9es pour les industries domestiques ou de transformation du riz.<\/p> <\/div>  <div class=\"schema-faq-section\"> <li class=\"checknumber\"><strong class=\"schema-faq-question\"> 5. Avez-vous un manuel d'instructions pour chaque machine\u00a0?  <\/strong> <\/li> <p class=\"schema-faq-answer\">Oui, nous avons \u00e9galement une vid\u00e9o de fonctionnement pour vous aider \u00e0 le faire fonctionner.<\/p> <\/div>  <div class=\"schema-faq-section\"> <li class=\"checknumber\"><strong class=\"schema-faq-question\">6. Quelle est la mati\u00e8re premi\u00e8re de vos machines ?<\/strong> <\/li> <p class=\"schema-faq-answer\"> La plupart des machines sont en acier au carbone, mais ne vous inqui\u00e9tez pas, elles sont toutes de haute qualit\u00e9 et peuvent \u00eatre utilis\u00e9es pendant longtemps. <\/p> <\/div>   <\/ul> <\/div> <\/div> <\/div>","protected":false},"excerpt":{"rendered":"","protected":false},"author":1,"featured_media":0,"parent":0,"menu_order":0,"comment_status":"closed","ping_status":"closed","template":"","meta":{"footnotes":""},"class_list":["post-27","page","type-page","status-publish"],"_links":{"self":[{"href":"https:\/\/rice-machinery.com\/fr\/wp-json\/wp\/v2\/pages\/27","targetHints":{"allow":["GET"]}}],"collection":[{"href":"https:\/\/rice-machinery.com\/fr\/wp-json\/wp\/v2\/pages"}],"about":[{"href":"https:\/\/rice-machinery.com\/fr\/wp-json\/wp\/v2\/types\/page"}],"author":[{"embeddable":true,"href":"https:\/\/rice-machinery.com\/fr\/wp-json\/wp\/v2\/users\/1"}],"replies":[{"embeddable":true,"href":"https:\/\/rice-machinery.com\/fr\/wp-json\/wp\/v2\/comments?post=27"}],"version-history":[{"count":0,"href":"https:\/\/rice-machinery.com\/fr\/wp-json\/wp\/v2\/pages\/27\/revisions"}],"wp:attachment":[{"href":"https:\/\/rice-machinery.com\/fr\/wp-json\/wp\/v2\/media?parent=27"}],"curies":[{"name":"wp","href":"https:\/\/api.w.org\/{rel}","templated":true}]}}