{"id":10,"date":"2019-11-11T02:21:14","date_gmt":"2019-11-11T02:21:14","guid":{"rendered":"http:\/\/rice-machinery.com\/?page_id=10"},"modified":"2019-11-15T09:59:48","modified_gmt":"2019-11-15T01:59:48","slug":"about-us","status":"publish","type":"page","link":"https:\/\/rice-machinery.com\/pt\/about-us\/","title":{"rendered":"Sobre n\u00f3s"},"content":{"rendered":"<h2>Quem somos<\/h2> <p>N\u00f3s nos envolvemos principalmente em m\u00e1quinas como plantadeira de arroz, colhedora de arroz, debulhadora de arroz, fresadora de arroz e destoner de arroz, das quais a fresadora de arroz \u00e9 a mais popular nos \u00faltimos anos, pois investimos muito tempo e energia para projetar diferentes tipos de isto para ajudar os agricultores a obter arroz branco, e diferentes modelos de m\u00e1quinas de moagem de arroz t\u00eam capacidades diferentes. A m\u00e1quina de processamento de arroz Taizy n\u00e3o \u00e9 adequada apenas para ind\u00fastrias, mas tamb\u00e9m para indiv\u00edduos.<\/p> <p>Taizy Machinery Co., LTD tem muitos t\u00e9cnicos e especialistas experientes, e a inova\u00e7\u00e3o e o desenvolvimento cont\u00ednuos nos impulsionam a acompanhar os tempos. Al\u00e9m disso, temos um servi\u00e7o p\u00f3s-venda on-line abrangente 24 horas por dia, pois para m\u00e1quinas de processamento de arroz de grande porte, podemos providenciar nossos t\u00e9cnicos para instalar e treinar seus trabalhadores como operar no exterior. Al\u00e9m do mais, podemos fornecer an\u00e1lises de mercado e benef\u00edcios. Resumindo, a Taizy Machinery \u00e9 um famoso fornecedor de m\u00e1quinas de processamento de arroz.<\/p> <h2>Nosso servi\u00e7o<\/h2> <h3>Cliente em primeiro lugar<\/h3> <p>Sempre colocamos o benef\u00edcio do cliente como prioridade, independentemente da m\u00e1quina que ele compre, e todas as m\u00e1quinas s\u00e3o customizadas de acordo com as necessidades do cliente. Al\u00e9m do mais, oferecemos servi\u00e7o gratuito de coleta no aeroporto e reserva de hotel se voc\u00ea visitar nossa f\u00e1brica. \u00c9 importante ressaltar que, se desejar, podemos mostrar-lhe um famoso local panor\u00e2mico, proporcionando uma experi\u00eancia diferente.<\/p> <h3>Garantia de qualidade<\/h3> <p>Todas as nossas m\u00e1quinas de processamento de arroz s\u00e3o equipadas com alta qualidade e nossos trabalhadores verificam cada pe\u00e7a cuidadosamente antes da entrega. Somos autorizados por certifica\u00e7\u00f5es como TUV, BV, ISO e SGS e enviaremos pe\u00e7as de reposi\u00e7\u00e3o gratuitamente durante o per\u00edodo de garantia.<\/p> <h3>Sugest\u00e3o \u00fatil<\/h3> <p>Forneceremos sugest\u00f5es \u00fateis, como an\u00e1lise de mercado e an\u00e1lise de benef\u00edcios, recuperando o custo em pouco tempo.<\/p>","protected":false},"excerpt":{"rendered":"","protected":false},"author":1,"featured_media":0,"parent":0,"menu_order":0,"comment_status":"closed","ping_status":"closed","template":"","meta":{"footnotes":""},"class_list":["post-10","page","type-page","status-publish"],"_links":{"self":[{"href":"https:\/\/rice-machinery.com\/pt\/wp-json\/wp\/v2\/pages\/10","targetHints":{"allow":["GET"]}}],"collection":[{"href":"https:\/\/rice-machinery.com\/pt\/wp-json\/wp\/v2\/pages"}],"about":[{"href":"https:\/\/rice-machinery.com\/pt\/wp-json\/wp\/v2\/types\/page"}],"author":[{"embeddable":true,"href":"https:\/\/rice-machinery.com\/pt\/wp-json\/wp\/v2\/users\/1"}],"replies":[{"embeddable":true,"href":"https:\/\/rice-machinery.com\/pt\/wp-json\/wp\/v2\/comments?post=10"}],"version-history":[{"count":0,"href":"https:\/\/rice-machinery.com\/pt\/wp-json\/wp\/v2\/pages\/10\/revisions"}],"wp:attachment":[{"href":"https:\/\/rice-machinery.com\/pt\/wp-json\/wp\/v2\/media?parent=10"}],"curies":[{"name":"wp","href":"https:\/\/api.w.org\/{rel}","templated":true}]}}