{"id":27,"date":"2019-11-11T08:04:25","date_gmt":"2019-11-11T08:04:25","guid":{"rendered":"http:\/\/rice-machinery.com\/?page_id=27"},"modified":"2020-04-27T16:11:16","modified_gmt":"2020-04-27T08:11:16","slug":"taizy-rice-machines","status":"publish","type":"page","link":"https:\/\/rice-machinery.com\/pt\/","title":{"rendered":"m\u00e1quinas de arroz taizy"},"content":{"rendered":"<div class=\"grid-container head\">  <h2 class=\"has-text-align-center\"><span style=\"vertical-align: inherit;\"><span style=\"vertical-align: inherit;\"><span style=\"vertical-align: inherit;\"><span style=\"vertical-align: inherit;\">M\u00e1quinas Taizy Co., Ltd.<\/span><\/span><\/span><\/span><\/h2>    <hr class=\"wp-block-separator\"\/>    <p><span style=\"vertical-align: inherit;\"><span style=\"vertical-align: inherit;\">Constru\u00edda em 2011, a Zhengzhou Taizy Machinery Co., LTD \u00e9 um conhecido fabricante de m\u00e1quinas de processamento de arroz. Tem sede na cidade de Zheng Zhou, prov\u00edncia de Henan, China, e integra desenvolvimento e inova\u00e7\u00e3o como um todo, com o objetivo de produzir m\u00e1quinas envolvidas em arroz com alta qualidade. Motivados por esta meta, otimizamos constantemente a estrutura da m\u00e1quina de arroz na base do demanda do mercado para torn\u00e1-los mais razo\u00e1veis \u200b\u200be pr\u00e1ticos, \u00e9 por isso que um n\u00famero crescente de m\u00e1quinas de processamento de arroz Taizy s\u00e3o exportados mensalmente para muitos pa\u00edses.<\/span><\/span><\/p>    <div class=\"wp-block-columns is-layout-flex wp-container-core-columns-is-layout-9d6595d7 wp-block-columns-is-layout-flex\"> <div class=\"wp-block-column is-layout-flow wp-block-column-is-layout-flow\"> <figure class=\"wp-block-image size-large\"><img loading=\"lazy\" decoding=\"async\" width=\"600\" height=\"330\" src=\"https:\/\/rice-machinery.com\/wp-content\/uploads\/2019\/11\/taizy-mahinery.jpg\" alt=\"\" class=\"wp-image-573\" title=\"\" srcset=\"https:\/\/rice-machinery.com\/wp-content\/uploads\/2019\/11\/taizy-mahinery.jpg 600w, https:\/\/rice-machinery.com\/wp-content\/uploads\/2019\/11\/taizy-mahinery-360x198.jpg 360w\" sizes=\"auto, (max-width: 600px) 100vw, 600px\" \/><\/figure> <\/div>    <div class=\"wp-block-column is-layout-flow wp-block-column-is-layout-flow\"> <h2 class=\"has-text-align-center wp-block-heading\">Nossa m\u00e1quina<\/h2>    <hr class=\"wp-block-separator\"\/>    <p>N\u00f3s nos envolvemos principalmente em m\u00e1quinas como plantadeira de arroz, colhedora de arroz, debulhadora de arroz, fresadora de arroz e destoner de arroz, das quais a fresadora de arroz \u00e9 a mais popular nos \u00faltimos anos, pois investimos muito tempo e energia para projetar diferentes tipos de isto para ajudar os agricultores a obter arroz branco, e diferentes modelos de m\u00e1quinas de moagem de arroz t\u00eam capacidades diferentes. A m\u00e1quina de processamento de arroz Taizy n\u00e3o \u00e9 adequada apenas para ind\u00fastrias, mas tamb\u00e9m para indiv\u00edduos.<\/p> <\/div> <\/div>    <div class=\"wp-block-columns is-layout-flex wp-container-core-columns-is-layout-9d6595d7 wp-block-columns-is-layout-flex\"> <div class=\"wp-block-column is-layout-flow wp-block-column-is-layout-flow\"> <h2 class=\"has-text-align-center wp-block-heading\">Nosso servi\u00e7o<\/h2>    <hr class=\"wp-block-separator\"\/>    <p class=\"font\">Taizy Machinery Co., LTD tem muitos t\u00e9cnicos e especialistas experientes, e a inova\u00e7\u00e3o e o desenvolvimento cont\u00ednuos nos impulsionam a acompanhar os tempos.  Al\u00e9m disso, temos um servi\u00e7o p\u00f3s-venda on-line abrangente 24 horas por dia, pois para m\u00e1quinas de processamento de arroz de grande porte, podemos providenciar nossos t\u00e9cnicos para instalar e treinar seus trabalhadores como operar no exterior.  <\/p>    <p class=\"font\">Al\u00e9m do mais, podemos fornecer an\u00e1lises de mercado e benef\u00edcios. Resumindo, a Taizy Machinery \u00e9 um famoso fornecedor de m\u00e1quinas de processamento de arroz.<\/p>    <div class=\"wp-block-button n2-ss-button-container\"><a class=\"wp-block-button__link no-border-radius\" href=\"https:\/\/rice-machinery.com\/pt\/contact-us\/\">Contate-nos<\/a><\/div> <\/div>    <div class=\"wp-block-column is-layout-flow wp-block-column-is-layout-flow\"> <figure class=\"wp-block-image size-large\"><img loading=\"lazy\" decoding=\"async\" width=\"600\" height=\"400\" src=\"https:\/\/rice-machinery.com\/wp-content\/uploads\/2019\/11\/Our-certificate.jpg\" alt=\"\" class=\"wp-image-546\" title=\"\" srcset=\"https:\/\/rice-machinery.com\/wp-content\/uploads\/2019\/11\/Our-certificate.jpg 600w, https:\/\/rice-machinery.com\/wp-content\/uploads\/2019\/11\/Our-certificate-360x240.jpg 360w\" sizes=\"auto, (max-width: 600px) 100vw, 600px\" \/><\/figure> <\/div> <\/div>    <h2 class=\"has-text-align-center wp-block-heading\">Uma gama completa de solu\u00e7\u00f5es desde o plantio, colheita at\u00e9 o processamento<\/h2>    <hr class=\"wp-block-separator\"\/>    <div class=\"pt-cv-wrapper\"><div class=\"pt-cv-view pt-cv-grid pt-cv-colsys\" id=\"pt-cv-view-0bc5b6d8do\"><div data-id=\"pt-cv-page-1\" class=\"pt-cv-page\" data-cvc=\"3\"><div class=\"col-md-4 col-sm-6 col-xs-12 pt-cv-content-item pt-cv-1-col\"  data-pid=\"7103\"><div class='pt-cv-ifield'><a href=\"https:\/\/rice-machinery.com\/pt\/40-ton-rice-milling-machine-production-line\/\" class=\"_self pt-cv-href-thumbnail pt-cv-thumb-default cvplbd\" target=\"_self\" ><img loading=\"lazy\" decoding=\"async\" width=\"720\" height=\"540\" src=\"https:\/\/rice-machinery.com\/wp-content\/uploads\/2023\/11\/40-ton-rice-milling-machine-production-line-1.webp\" class=\"pt-cv-thumbnail img-none\" alt=\"Linha de produ\u00e7\u00e3o de fresadora de arroz de 40 toneladas\" srcset=\"https:\/\/rice-machinery.com\/wp-content\/uploads\/2023\/11\/40-ton-rice-milling-machine-production-line-1.webp 720w, https:\/\/rice-machinery.com\/wp-content\/uploads\/2023\/11\/40-ton-rice-milling-machine-production-line-1-360x270.webp 360w, https:\/\/rice-machinery.com\/wp-content\/uploads\/2023\/11\/40-ton-rice-milling-machine-production-line-1-180x135.webp 180w\" sizes=\"auto, (max-width: 720px) 100vw, 720px\" title=\"\"><\/a> <h4 class=\"pt-cv-title\"><a href=\"https:\/\/rice-machinery.com\/pt\/40-ton-rice-milling-machine-production-line\/\" class=\"_self cvplbd\" target=\"_self\" >Linha de produ\u00e7\u00e3o de fresadora de arroz de 40 toneladas<\/a><\/h4><\/div><\/div> <div class=\"col-md-4 col-sm-6 col-xs-12 pt-cv-content-item pt-cv-1-col\"  data-pid=\"7084\"><div class='pt-cv-ifield'><a href=\"https:\/\/rice-machinery.com\/pt\/30-ton-commercial-rice-milling-machine-plant\/\" class=\"_self pt-cv-href-thumbnail pt-cv-thumb-default cvplbd\" target=\"_self\" ><img loading=\"lazy\" decoding=\"async\" width=\"720\" height=\"540\" src=\"https:\/\/rice-machinery.com\/wp-content\/uploads\/2023\/11\/30-ton-commercial-rice-milling-machine-plant-1.webp\" class=\"pt-cv-thumbnail img-none\" alt=\"Planta comercial de moagem de arroz de 30 toneladas\" srcset=\"https:\/\/rice-machinery.com\/wp-content\/uploads\/2023\/11\/30-ton-commercial-rice-milling-machine-plant-1.webp 720w, https:\/\/rice-machinery.com\/wp-content\/uploads\/2023\/11\/30-ton-commercial-rice-milling-machine-plant-1-360x270.webp 360w, https:\/\/rice-machinery.com\/wp-content\/uploads\/2023\/11\/30-ton-commercial-rice-milling-machine-plant-1-180x135.webp 180w\" sizes=\"auto, (max-width: 720px) 100vw, 720px\" title=\"\"><\/a> <h4 class=\"pt-cv-title\"><a href=\"https:\/\/rice-machinery.com\/pt\/30-ton-commercial-rice-milling-machine-plant\/\" class=\"_self cvplbd\" target=\"_self\" >Planta comercial de moagem de arroz de 30 toneladas<\/a><\/h4><\/div><\/div> <div class=\"col-md-4 col-sm-6 col-xs-12 pt-cv-content-item pt-cv-1-col\"  data-pid=\"6937\"><div class='pt-cv-ifield'><a href=\"https:\/\/rice-machinery.com\/pt\/25-ton-automatic-rice-milling-unit\/\" class=\"_self pt-cv-href-thumbnail pt-cv-thumb-default cvplbd\" target=\"_self\" ><img loading=\"lazy\" decoding=\"async\" width=\"720\" height=\"540\" src=\"https:\/\/rice-machinery.com\/wp-content\/uploads\/2023\/11\/25-ton-automatic-rice-milling-unit.webp\" class=\"pt-cv-thumbnail img-none\" alt=\"Unidade autom\u00e1tica de moagem de arroz de 25 toneladas\" srcset=\"https:\/\/rice-machinery.com\/wp-content\/uploads\/2023\/11\/25-ton-automatic-rice-milling-unit.webp 720w, https:\/\/rice-machinery.com\/wp-content\/uploads\/2023\/11\/25-ton-automatic-rice-milling-unit-360x270.webp 360w, https:\/\/rice-machinery.com\/wp-content\/uploads\/2023\/11\/25-ton-automatic-rice-milling-unit-180x135.webp 180w\" sizes=\"auto, (max-width: 720px) 100vw, 720px\" title=\"\"><\/a> <h4 class=\"pt-cv-title\"><a href=\"https:\/\/rice-machinery.com\/pt\/25-ton-automatic-rice-milling-unit\/\" class=\"_self cvplbd\" target=\"_self\" >Unidade autom\u00e1tica de moagem de arroz de 25 toneladas<\/a><\/h4><\/div><\/div> <div class=\"col-md-4 col-sm-6 col-xs-12 pt-cv-content-item pt-cv-1-col\"  data-pid=\"6856\"><div class='pt-cv-ifield'><a href=\"https:\/\/rice-machinery.com\/pt\/25-ton-rice-milling-machine-production-line\/\" class=\"_self pt-cv-href-thumbnail pt-cv-thumb-default cvplbd\" target=\"_self\" ><img loading=\"lazy\" decoding=\"async\" width=\"720\" height=\"540\" src=\"https:\/\/rice-machinery.com\/wp-content\/uploads\/2023\/11\/25-ton-rice-milling-machine-production-line-1.webp\" class=\"pt-cv-thumbnail img-none\" alt=\"Linha de produ\u00e7\u00e3o de fresadora de arroz de 25 toneladas\" srcset=\"https:\/\/rice-machinery.com\/wp-content\/uploads\/2023\/11\/25-ton-rice-milling-machine-production-line-1.webp 720w, https:\/\/rice-machinery.com\/wp-content\/uploads\/2023\/11\/25-ton-rice-milling-machine-production-line-1-360x270.webp 360w, https:\/\/rice-machinery.com\/wp-content\/uploads\/2023\/11\/25-ton-rice-milling-machine-production-line-1-180x135.webp 180w\" sizes=\"auto, (max-width: 720px) 100vw, 720px\" title=\"\"><\/a> <h4 class=\"pt-cv-title\"><a href=\"https:\/\/rice-machinery.com\/pt\/25-ton-rice-milling-machine-production-line\/\" class=\"_self cvplbd\" target=\"_self\" >Linha de produ\u00e7\u00e3o de fresadora de arroz de 25 toneladas<\/a><\/h4><\/div><\/div> <div class=\"col-md-4 col-sm-6 col-xs-12 pt-cv-content-item pt-cv-1-col\"  data-pid=\"6727\"><div class='pt-cv-ifield'><a href=\"https:\/\/rice-machinery.com\/pt\/30t-d-complete-rice-milling-machine-plant\/\" class=\"_self pt-cv-href-thumbnail pt-cv-thumb-default cvplbd\" target=\"_self\" ><img loading=\"lazy\" decoding=\"async\" width=\"720\" height=\"540\" src=\"https:\/\/rice-machinery.com\/wp-content\/uploads\/2023\/11\/30TPD-Complete-Rice-Milling-Machine-Plant.webp\" class=\"pt-cv-thumbnail img-none\" alt=\"Planta completa da m\u00e1quina de tritura\u00e7\u00e3o do arroz 30TPD\" srcset=\"https:\/\/rice-machinery.com\/wp-content\/uploads\/2023\/11\/30TPD-Complete-Rice-Milling-Machine-Plant.webp 720w, https:\/\/rice-machinery.com\/wp-content\/uploads\/2023\/11\/30TPD-Complete-Rice-Milling-Machine-Plant-360x270.webp 360w, https:\/\/rice-machinery.com\/wp-content\/uploads\/2023\/11\/30TPD-Complete-Rice-Milling-Machine-Plant-180x135.webp 180w\" sizes=\"auto, (max-width: 720px) 100vw, 720px\" title=\"\"><\/a> <h4 class=\"pt-cv-title\"><a href=\"https:\/\/rice-machinery.com\/pt\/30t-d-complete-rice-milling-machine-plant\/\" class=\"_self cvplbd\" target=\"_self\" >Planta completa da m\u00e1quina de tritura\u00e7\u00e3o do arroz 30TPD<\/a><\/h4><\/div><\/div> <div class=\"col-md-4 col-sm-6 col-xs-12 pt-cv-content-item pt-cv-1-col\"  data-pid=\"6702\"><div class='pt-cv-ifield'><a href=\"https:\/\/rice-machinery.com\/pt\/25t-d-integrated-rice-milling-unit\/\" class=\"_self pt-cv-href-thumbnail pt-cv-thumb-default cvplbd\" target=\"_self\" ><img loading=\"lazy\" decoding=\"async\" width=\"720\" height=\"540\" src=\"https:\/\/rice-machinery.com\/wp-content\/uploads\/2023\/11\/25TD-Integrated-Rice-Milling-Unit-1.webp\" class=\"pt-cv-thumbnail img-none\" alt=\"Unidade integrada de moagem de arroz 25TD\" srcset=\"https:\/\/rice-machinery.com\/wp-content\/uploads\/2023\/11\/25TD-Integrated-Rice-Milling-Unit-1.webp 720w, https:\/\/rice-machinery.com\/wp-content\/uploads\/2023\/11\/25TD-Integrated-Rice-Milling-Unit-1-360x270.webp 360w, https:\/\/rice-machinery.com\/wp-content\/uploads\/2023\/11\/25TD-Integrated-Rice-Milling-Unit-1-180x135.webp 180w\" sizes=\"auto, (max-width: 720px) 100vw, 720px\" title=\"\"><\/a> <h4 class=\"pt-cv-title\"><a href=\"https:\/\/rice-machinery.com\/pt\/25t-d-integrated-rice-milling-unit\/\" class=\"_self cvplbd\" target=\"_self\" >Unidade integrada de moagem de arroz 25TPD<\/a><\/h4><\/div><\/div><\/div><\/div><\/div>\t\t\t<style type=\"text\/css\" id=\"pt-cv-inline-style-4529a1bypo\">#pt-cv-view-0bc5b6d8do .pt-cv-title a, #pt-cv-view-0bc5b6d8do  .panel-title { font-weight: 600 !important; } #pt-cv-view-0bc5b6d8do .pt-cv-readmore  { color: #ffffff !important; background-color: #00aeef !important; } #pt-cv-view-0bc5b6d8do .pt-cv-readmore:hover  { color: #ffffff !important; background-color: #00aeef !important; }<\/style>  \t\t\t    <section class=\"why_choose_us\"> <div class=\"theme_title_bg\"> <div class=\"theme_title center\"> <div class=\"container choose\"> <h1>Por que nos escolher<\/h1> <\/div> <\/div> <\/div> <div class=\"grid-container row\"> <div class=\"grid-parent grid-50 tablet-grid-50 mobile-grid-100\"> <div class=\"choose_us_item tran3s\"> <div class=\"text float_left\"> <h5 class=\"tran3s\">Cliente em primeiro lugar<\/h5> <p class=\"tran3s\">Sempre colocamos o benef\u00edcio do cliente como prioridade, independentemente da m\u00e1quina que ele compre, e todas as m\u00e1quinas s\u00e3o customizadas de acordo com as necessidades do cliente.<\/p> <\/div> <p><!-- End of .text --><\/p> <div class=\"clear_fix\">&nbsp;<\/div> <\/div> <p><!-- End of .choose_us_item --><\/p> <\/div> <div class=\"grid-parent grid-50 tablet-grid-50 mobile-grid-100\"> <div class=\"choose_us_item tran3s\"> <div class=\"text float_left\"> <h5 class=\"tran3s\">Cliente em primeiro lugar<\/h5> <p class=\"tran3s\">oferecemos servi\u00e7o gratuito de coleta no aeroporto e reserva de hotel se voc\u00ea visitar nossa f\u00e1brica. \u00c9 importante ressaltar que, se desejar, podemos mostrar-lhe um famoso local panor\u00e2mico, proporcionando uma experi\u00eancia diferente.<\/p> <\/div> <p><!-- End of .text --><\/p> <div class=\"clear_fix\">&nbsp;<\/div> <\/div> <p><!-- End of .choose_us_item --><\/p> <\/div> <p><!-- End of .col --><!-- ______________ Item _____________ --><\/p> <div class=\"grid-parent grid-50 tablet-grid-50 mobile-grid-100\"> <div class=\"choose_us_item tran3s\"> <div class=\"text float_left\"> <h5 class=\"tran3s\">Garantia de qualidade<\/h5> <p class=\"tran3s\">Todas as nossas m\u00e1quinas de processamento de arroz s\u00e3o equipadas com alta qualidade e nossos trabalhadores verificam cada pe\u00e7a cuidadosamente antes da entrega. Somos autorizados por certifica\u00e7\u00f5es como TUV, BV, ISO e SGS e enviaremos pe\u00e7as de reposi\u00e7\u00e3o gratuitamente durante o per\u00edodo de garantia.<\/p> <\/div> <p><!-- End of .text --><\/p> <div class=\"clear_fix\">&nbsp;<\/div> <\/div> <p><!-- End of .choose_us_item --><\/p> <\/div> <p><!-- End of .col --><!-- ______________ Item _____________ --><\/p> <div class=\"grid-parent grid-50 tablet-grid-50 mobile-grid-100\"> <div class=\"choose_us_item tran3s\"> <div class=\"text float_left\"> <h5 class=\"tran3s\">Sugest\u00e3o \u00fatil<\/h5> <p class=\"tran3s\">Forneceremos sugest\u00f5es \u00fateis, como an\u00e1lise de mercado e an\u00e1lise de benef\u00edcios, recuperando o custo em pouco tempo.<\/p> <\/div> <\/div> <p><!-- End of .choose_us_item --><\/p> <\/div> <p><!-- End of .col --><\/p> <\/div> <p><!-- End of .container --><\/p> <\/section> <div class=\"ricefaq\"> <h1>Perguntas frequentes<\/h1> <hr class=\"wp-block-separator\"> <div class=\"schema-faq wp-block-yoast-faq-block\"> <div class=\"grid-container\"> <div class=\"grid-parent grid-50 tablet-grid-50 mobile-grid-100\"> <ul class=\"ricecheck\"> <div class=\"schema-faq-section\"> <li class=\"checknumber\"><strong class=\"schema-faq-question\"> 1. Em que\u00a0voc\u00ea\u00a0principalmente\u00a0se envolve\u00a0? <\/strong> <\/li> <p class=\"schema-faq-answer\"> N\u00f3s fabricamos principalmente m\u00e1quinas de processamento de arroz, como transplantador de arroz, colheitadeira de arroz, debulhador de arroz, moleiro de arroz e descaro\u00e7ador de arroz, etc. <\/p>  <\/div>  <div class=\"schema-faq-section\"> <li class=\"checknumber\"><strong class=\"schema-faq-question\"> 2. Posso obter pe\u00e7as sobressalentes gratuitamente durante o per\u00edodo de garantia? <\/strong> <\/li> <p class=\"schema-faq-answer\"> Se\u00a0for\u00a0o\u00a0problema\u00a0da\u00a0pr\u00f3pria\u00a0m\u00e1quina,\u00a0n\u00f3s\u00a0enviaremos\u00a0a voc\u00ea\u00a0gratuitamente. <\/p> <\/div>  <div class=\"schema-faq-section\"> <li class=\"checknumber\"><strong class=\"schema-faq-question\"> 3. Voc\u00ea contratar\u00e1 um engenheiro profissional para instalar a m\u00e1quina para mim? <\/strong><\/li>  <p class=\"schema-faq-answer\"> Sim, claro, se necess\u00e1rio, podemos designar um engenheiro para ir ao seu pa\u00eds para instalar e treinar seus funcion\u00e1rios sobre como us\u00e1-lo. <\/p> <\/div>  <\/ul> <\/div> <div class=\"grid-parent grid-50 tablet-grid-50 mobile-grid-100\"> <ul class=\"ricecheck\"> <div class=\"schema-faq-section\"> <li class=\"checknumber\"><strong class=\"schema-faq-question\"> 4. A sua m\u00e1quina de processamento de arroz \u00e9 adequada para uso dom\u00e9stico ou industrial? <\/strong> <\/li> <p class=\"schema-faq-answer\"> Dispomos de diversas m\u00e1quinas com diferentes capacidades, podendo ser utilizadas na ind\u00fastria dom\u00e9stica ou de processamento de arroz.<\/p> <\/div>  <div class=\"schema-faq-section\"> <li class=\"checknumber\"><strong class=\"schema-faq-question\"> 5. Voc\u00ea tem livro de instru\u00e7\u00f5es para cada m\u00e1quina?  <\/strong> <\/li> <p class=\"schema-faq-answer\">Sim, tamb\u00e9m temos v\u00eddeo de opera\u00e7\u00e3o para ajud\u00e1-lo a oper\u00e1-lo.<\/p> <\/div>  <div class=\"schema-faq-section\"> <li class=\"checknumber\"><strong class=\"schema-faq-question\">6. Qual \u00e9 a mat\u00e9ria-prima de suas m\u00e1quinas?<\/strong> <\/li> <p class=\"schema-faq-answer\"> A maioria das m\u00e1quinas \u00e9 feita de a\u00e7o carbono, mas n\u00e3o se preocupe, todas s\u00e3o equipadas com alta qualidade e podem ser usadas por muito tempo. <\/p> <\/div>   <\/ul> <\/div> <\/div> <\/div>","protected":false},"excerpt":{"rendered":"","protected":false},"author":1,"featured_media":0,"parent":0,"menu_order":0,"comment_status":"closed","ping_status":"closed","template":"","meta":{"footnotes":""},"class_list":["post-27","page","type-page","status-publish"],"_links":{"self":[{"href":"https:\/\/rice-machinery.com\/pt\/wp-json\/wp\/v2\/pages\/27","targetHints":{"allow":["GET"]}}],"collection":[{"href":"https:\/\/rice-machinery.com\/pt\/wp-json\/wp\/v2\/pages"}],"about":[{"href":"https:\/\/rice-machinery.com\/pt\/wp-json\/wp\/v2\/types\/page"}],"author":[{"embeddable":true,"href":"https:\/\/rice-machinery.com\/pt\/wp-json\/wp\/v2\/users\/1"}],"replies":[{"embeddable":true,"href":"https:\/\/rice-machinery.com\/pt\/wp-json\/wp\/v2\/comments?post=27"}],"version-history":[{"count":0,"href":"https:\/\/rice-machinery.com\/pt\/wp-json\/wp\/v2\/pages\/27\/revisions"}],"wp:attachment":[{"href":"https:\/\/rice-machinery.com\/pt\/wp-json\/wp\/v2\/media?parent=27"}],"curies":[{"name":"wp","href":"https:\/\/api.w.org\/{rel}","templated":true}]}}