{"id":10,"date":"2019-11-11T02:21:14","date_gmt":"2019-11-11T02:21:14","guid":{"rendered":"http:\/\/rice-machinery.com\/?page_id=10"},"modified":"2019-11-15T09:59:48","modified_gmt":"2019-11-15T01:59:48","slug":"about-us","status":"publish","type":"page","link":"https:\/\/rice-machinery.com\/vi\/about-us\/","title":{"rendered":"V\u1ec1 ch\u00fang t\u00f4i"},"content":{"rendered":"<h2>Ch\u00fang t\u00f4i l\u00e0 ai<\/h2> <p>Ch\u00fang t\u00f4i ch\u1ee7 y\u1ebfu tham gia v\u00e0o c\u00e1c lo\u1ea1i m\u00e1y nh\u01b0 M\u00e1y tr\u1ed3ng l\u00faa, M\u00e1y g\u1eb7t l\u00faa, M\u00e1y tu\u1ed1t l\u00faa, M\u00e1y xay l\u00faa v\u00e0 M\u00e1y h\u1ee7y l\u00faa, trong \u0111\u00f3 m\u00e1y xay l\u00faa l\u00e0 lo\u1ea1i ph\u1ed5 bi\u1ebfn nh\u1ea5t trong nh\u1eefng n\u0103m g\u1ea7n \u0111\u00e2y, v\u00ec ch\u00fang t\u00f4i \u0111\u1ea7u t\u01b0 nhi\u1ec1u th\u1eddi gian v\u00e0 c\u00f4ng s\u1ee9c \u0111\u1ec3 thi\u1ebft k\u1ebf c\u00e1c lo\u1ea1i m\u00e1y kh\u00e1c nhau \u0111\u1ec3 gi\u00fap n\u00f4ng d\u00e2n c\u00f3 \u0111\u01b0\u1ee3c g\u1ea1o tr\u1eafng v\u00e0 c\u00e1c m\u1eabu m\u00e1y xay x\u00e1t g\u1ea1o kh\u00e1c nhau c\u00f3 c\u00f4ng su\u1ea5t kh\u00e1c nhau. M\u00e1y ch\u1ebf bi\u1ebfn g\u1ea1o Taizy kh\u00f4ng ch\u1ec9 ph\u00f9 h\u1ee3p v\u1edbi c\u00e1c ng\u00e0nh c\u00f4ng nghi\u1ec7p m\u00e0 c\u00f2n ph\u00f9 h\u1ee3p v\u1edbi c\u00e1 nh\u00e2n.<\/p> <p>Taizy Machinery Co., LTD c\u00f3 nhi\u1ec1u k\u1ef9 thu\u1eadt vi\u00ean v\u00e0 chuy\u00ean gia gi\u00e0u kinh nghi\u1ec7m, s\u1ef1 \u0111\u1ed5i m\u1edbi v\u00e0 ph\u00e1t tri\u1ec3n kh\u00f4ng ng\u1eebng \u0111\u00e3 th\u00fac \u0111\u1ea9y ch\u00fang t\u00f4i theo k\u1ecbp th\u1eddi \u0111\u1ea1i. Ngo\u00e0i ra, ch\u00fang t\u00f4i c\u00f3 d\u1ecbch v\u1ee5 h\u1eadu m\u00e3i tr\u1ef1c tuy\u1ebfn to\u00e0n di\u1ec7n 24h, \u0111\u1ed1i v\u1edbi m\u00e1y ch\u1ebf bi\u1ebfn g\u1ea1o c\u1ee1 l\u1edbn, ch\u00fang t\u00f4i c\u00f3 th\u1ec3 s\u1eafp x\u1ebfp k\u1ef9 thu\u1eadt vi\u00ean c\u1ee7a m\u00ecnh \u0111\u1ec3 c\u00e0i \u0111\u1eb7t v\u00e0 \u0111\u00e0o t\u1ea1o c\u00f4ng nh\u00e2n c\u1ee7a b\u1ea1n c\u00e1ch v\u1eadn h\u00e0nh \u1edf n\u01b0\u1edbc ngo\u00e0i. H\u01a1n n\u1eefa, ch\u00fang t\u00f4i c\u00f3 th\u1ec3 cung c\u1ea5p cho b\u1ea1n ph\u00e2n t\u00edch th\u1ecb tr\u01b0\u1eddng v\u00e0 l\u1ee3i \u00edch. Nh\u00ecn chung, Taizy Machinery l\u00e0 nh\u00e0 cung c\u1ea5p m\u00e1y ch\u1ebf bi\u1ebfn g\u1ea1o n\u1ed5i ti\u1ebfng.<\/p> <h2>D\u1ecbch v\u1ee5 c\u1ee7a ch\u00fang t\u00f4i<\/h2> <h3>Kh\u00e1ch h\u00e0ng l\u00e0 tr\u00ean h\u1ebft<\/h3> <p>Ch\u00fang t\u00f4i lu\u00f4n \u0111\u1eb7t l\u1ee3i \u00edch c\u1ee7a kh\u00e1ch h\u00e0ng l\u00ean h\u00e0ng \u0111\u1ea7u cho d\u00f9 h\u1ecd mua lo\u1ea1i m\u00e1y n\u00e0o v\u00e0 t\u1ea5t c\u1ea3 c\u00e1c m\u00e1y \u0111\u1ec1u \u0111\u01b0\u1ee3c t\u00f9y ch\u1ec9nh theo y\u00eau c\u1ea7u c\u1ee7a kh\u00e1ch h\u00e0ng. H\u01a1n n\u1eefa, ch\u00fang t\u00f4i cung c\u1ea5p d\u1ecbch v\u1ee5 \u0111\u00f3n t\u1ea1i s\u00e2n bay v\u00e0 \u0111\u1eb7t ph\u00f2ng kh\u00e1ch s\u1ea1n mi\u1ec5n ph\u00ed n\u1ebfu b\u1ea1n \u0111\u1ebfn th\u0103m nh\u00e0 m\u00e1y c\u1ee7a ch\u00fang t\u00f4i. \u0110i\u1ec1u quan tr\u1ecdng l\u00e0 n\u1ebfu b\u1ea1n th\u00edch, ch\u00fang t\u00f4i c\u00f3 th\u1ec3 d\u1eabn b\u1ea1n \u0111i tham quan nh\u1eefng danh lam th\u1eafng c\u1ea3nh n\u1ed5i ti\u1ebfng, mang \u0111\u1ebfn cho b\u1ea1n nh\u1eefng tr\u1ea3i nghi\u1ec7m kh\u00e1c bi\u1ec7t.<\/p> <h3>\u0110\u1ea3m b\u1ea3o ch\u1ea5t l\u01b0\u1ee3ng<\/h3> <p>T\u1ea5t c\u1ea3 c\u00e1c m\u00e1y ch\u1ebf bi\u1ebfn g\u1ea1o c\u1ee7a ch\u00fang t\u00f4i \u0111\u1ec1u \u0111\u01b0\u1ee3c trang b\u1ecb ch\u1ea5t l\u01b0\u1ee3ng cao v\u00e0 c\u00f4ng nh\u00e2n c\u1ee7a ch\u00fang t\u00f4i ki\u1ec3m tra c\u1ea9n th\u1eadn t\u1eebng b\u1ed9 ph\u1eadn tr\u01b0\u1edbc khi giao h\u00e0ng. Ch\u00fang t\u00f4i \u0111\u01b0\u1ee3c \u1ee7y quy\u1ec1n b\u1edfi c\u00e1c ch\u1ee9ng nh\u1eadn nh\u01b0 TUV, BV, ISO v\u00e0 SGS v\u00e0 s\u1ebd g\u1eedi cho b\u1ea1n c\u00e1c ph\u1ee5 t\u00f9ng thay th\u1ebf mi\u1ec5n ph\u00ed trong th\u1eddi gian b\u1ea3o h\u00e0nh.<\/p> <h3>\u0110\u1ec1 xu\u1ea5t h\u1eefu \u00edch<\/h3> <p>Ch\u00fang t\u00f4i s\u1ebd cung c\u1ea5p cho b\u1ea1n \u0111\u1ec1 xu\u1ea5t h\u1eefu \u00edch nh\u01b0 ph\u00e2n t\u00edch th\u1ecb tr\u01b0\u1eddng v\u00e0 ph\u00e2n t\u00edch l\u1ee3i \u00edch, thu h\u1ed3i chi ph\u00ed trong th\u1eddi gian ng\u1eafn.<\/p>","protected":false},"excerpt":{"rendered":"","protected":false},"author":1,"featured_media":0,"parent":0,"menu_order":0,"comment_status":"closed","ping_status":"closed","template":"","meta":{"footnotes":""},"class_list":["post-10","page","type-page","status-publish"],"_links":{"self":[{"href":"https:\/\/rice-machinery.com\/vi\/wp-json\/wp\/v2\/pages\/10","targetHints":{"allow":["GET"]}}],"collection":[{"href":"https:\/\/rice-machinery.com\/vi\/wp-json\/wp\/v2\/pages"}],"about":[{"href":"https:\/\/rice-machinery.com\/vi\/wp-json\/wp\/v2\/types\/page"}],"author":[{"embeddable":true,"href":"https:\/\/rice-machinery.com\/vi\/wp-json\/wp\/v2\/users\/1"}],"replies":[{"embeddable":true,"href":"https:\/\/rice-machinery.com\/vi\/wp-json\/wp\/v2\/comments?post=10"}],"version-history":[{"count":0,"href":"https:\/\/rice-machinery.com\/vi\/wp-json\/wp\/v2\/pages\/10\/revisions"}],"wp:attachment":[{"href":"https:\/\/rice-machinery.com\/vi\/wp-json\/wp\/v2\/media?parent=10"}],"curies":[{"name":"wp","href":"https:\/\/api.w.org\/{rel}","templated":true}]}}