{"id":27,"date":"2019-11-11T08:04:25","date_gmt":"2019-11-11T08:04:25","guid":{"rendered":"http:\/\/rice-machinery.com\/?page_id=27"},"modified":"2020-04-27T16:11:16","modified_gmt":"2020-04-27T08:11:16","slug":"taizy-rice-machines","status":"publish","type":"page","link":"https:\/\/rice-machinery.com\/vi\/","title":{"rendered":"m\u00e1y g\u1ea1o taizy"},"content":{"rendered":"<div class=\"grid-container head\">  <h2 class=\"has-text-align-center\"><span style=\"vertical-align: inherit;\"><span style=\"vertical-align: inherit;\"><span style=\"vertical-align: inherit;\"><span style=\"vertical-align: inherit;\">C\u00f4ng ty TNHH M\u00e1y m\u00f3c Taizy<\/span><\/span><\/span><\/span><\/h2>    <hr class=\"wp-block-separator\"\/>    <p><span style=\"vertical-align: inherit;\"><span style=\"vertical-align: inherit;\">\u0110\u01b0\u1ee3c th\u00e0nh l\u1eadp v\u00e0o n\u0103m 2011, Zhengzhou Taizy Machinery Co., LTD l\u00e0 nh\u00e0 s\u1ea3n xu\u1ea5t m\u00e1y ch\u1ebf bi\u1ebfn g\u1ea1o n\u1ed5i ti\u1ebfng. N\u00f3 c\u00f3 tr\u1ee5 s\u1edf ch\u00ednh t\u1ea1i th\u00e0nh ph\u1ed1 Ch\u00ednh Ch\u00e2u, t\u1ec9nh H\u00e0 Nam, Trung Qu\u1ed1c v\u00e0 t\u00edch h\u1ee3p ph\u00e1t tri\u1ec3n v\u00e0 \u0111\u1ed5i m\u1edbi n\u00f3i chung, nh\u1eb1m m\u1ee5c \u0111\u00edch s\u1ea3n xu\u1ea5t m\u00e1y li\u00ean quan \u0111\u1ebfn g\u1ea1o v\u1edbi ch\u1ea5t l\u01b0\u1ee3ng cao. \u0110\u01b0\u1ee3c th\u00fac \u0111\u1ea9y b\u1edfi m\u1ee5c ti\u00eau n\u00e0y, ch\u00fang t\u00f4i kh\u00f4ng ng\u1eebng t\u1ed1i \u01b0u h\u00f3a c\u1ea5u tr\u00fac c\u1ee7a m\u00e1y l\u00e0m g\u1ea1o tr\u00ean c\u01a1 s\u1edf nhu c\u1ea7u c\u1ee7a th\u1ecb tr\u01b0\u1eddng nh\u1eb1m h\u1ee3p l\u00fd v\u00e0 thi\u1ebft th\u1ef1c h\u01a1n, \u0111\u00f3 l\u00e0 l\u00fd do t\u1ea1i sao m\u1ed7i th\u00e1ng s\u1ed1 l\u01b0\u1ee3ng m\u00e1y ch\u1ebf bi\u1ebfn g\u1ea1o Taizy \u0111\u01b0\u1ee3c xu\u1ea5t kh\u1ea9u \u0111i nhi\u1ec1u n\u01b0\u1edbc ng\u00e0y c\u00e0ng t\u0103ng.<\/span><\/span><\/p>    <div class=\"wp-block-columns is-layout-flex wp-container-core-columns-is-layout-9d6595d7 wp-block-columns-is-layout-flex\"> <div class=\"wp-block-column is-layout-flow wp-block-column-is-layout-flow\"> <figure class=\"wp-block-image size-large\"><img loading=\"lazy\" decoding=\"async\" width=\"600\" height=\"330\" src=\"https:\/\/rice-machinery.com\/wp-content\/uploads\/2019\/11\/taizy-mahinery.jpg\" alt=\"\" class=\"wp-image-573\" title=\"\" srcset=\"https:\/\/rice-machinery.com\/wp-content\/uploads\/2019\/11\/taizy-mahinery.jpg 600w, https:\/\/rice-machinery.com\/wp-content\/uploads\/2019\/11\/taizy-mahinery-360x198.jpg 360w\" sizes=\"auto, (max-width: 600px) 100vw, 600px\" \/><\/figure> <\/div>    <div class=\"wp-block-column is-layout-flow wp-block-column-is-layout-flow\"> <h2 class=\"has-text-align-center wp-block-heading\">M\u00e1y c\u1ee7a ch\u00fang t\u00f4i<\/h2>    <hr class=\"wp-block-separator\"\/>    <p>Ch\u00fang t\u00f4i ch\u1ee7 y\u1ebfu tham gia v\u00e0o c\u00e1c lo\u1ea1i m\u00e1y nh\u01b0 M\u00e1y tr\u1ed3ng l\u00faa, M\u00e1y g\u1eb7t l\u00faa, M\u00e1y tu\u1ed1t l\u00faa, M\u00e1y xay l\u00faa v\u00e0 M\u00e1y h\u1ee7y l\u00faa, trong \u0111\u00f3 m\u00e1y xay l\u00faa l\u00e0 lo\u1ea1i ph\u1ed5 bi\u1ebfn nh\u1ea5t trong nh\u1eefng n\u0103m g\u1ea7n \u0111\u00e2y, v\u00ec ch\u00fang t\u00f4i \u0111\u1ea7u t\u01b0 nhi\u1ec1u th\u1eddi gian v\u00e0 c\u00f4ng s\u1ee9c \u0111\u1ec3 thi\u1ebft k\u1ebf c\u00e1c lo\u1ea1i m\u00e1y kh\u00e1c nhau \u0111\u1ec3 gi\u00fap n\u00f4ng d\u00e2n c\u00f3 \u0111\u01b0\u1ee3c g\u1ea1o tr\u1eafng v\u00e0 c\u00e1c m\u1eabu m\u00e1y xay x\u00e1t g\u1ea1o kh\u00e1c nhau c\u00f3 c\u00f4ng su\u1ea5t kh\u00e1c nhau. M\u00e1y ch\u1ebf bi\u1ebfn g\u1ea1o Taizy kh\u00f4ng ch\u1ec9 ph\u00f9 h\u1ee3p v\u1edbi c\u00e1c ng\u00e0nh c\u00f4ng nghi\u1ec7p m\u00e0 c\u00f2n ph\u00f9 h\u1ee3p v\u1edbi c\u00e1 nh\u00e2n.<\/p> <\/div> <\/div>    <div class=\"wp-block-columns is-layout-flex wp-container-core-columns-is-layout-9d6595d7 wp-block-columns-is-layout-flex\"> <div class=\"wp-block-column is-layout-flow wp-block-column-is-layout-flow\"> <h2 class=\"has-text-align-center wp-block-heading\">D\u1ecbch v\u1ee5 c\u1ee7a ch\u00fang t\u00f4i<\/h2>    <hr class=\"wp-block-separator\"\/>    <p class=\"font\">Taizy Machinery Co., LTD c\u00f3 nhi\u1ec1u k\u1ef9 thu\u1eadt vi\u00ean v\u00e0 chuy\u00ean gia gi\u00e0u kinh nghi\u1ec7m, s\u1ef1 \u0111\u1ed5i m\u1edbi v\u00e0 ph\u00e1t tri\u1ec3n kh\u00f4ng ng\u1eebng \u0111\u00e3 th\u00fac \u0111\u1ea9y ch\u00fang t\u00f4i theo k\u1ecbp th\u1eddi \u0111\u1ea1i.  Ngo\u00e0i ra, ch\u00fang t\u00f4i c\u00f3 d\u1ecbch v\u1ee5 h\u1eadu m\u00e3i tr\u1ef1c tuy\u1ebfn to\u00e0n di\u1ec7n 24h, \u0111\u1ed1i v\u1edbi m\u00e1y ch\u1ebf bi\u1ebfn g\u1ea1o c\u1ee1 l\u1edbn, ch\u00fang t\u00f4i c\u00f3 th\u1ec3 s\u1eafp x\u1ebfp k\u1ef9 thu\u1eadt vi\u00ean c\u1ee7a m\u00ecnh \u0111\u1ec3 c\u00e0i \u0111\u1eb7t v\u00e0 \u0111\u00e0o t\u1ea1o c\u00f4ng nh\u00e2n c\u1ee7a b\u1ea1n c\u00e1ch v\u1eadn h\u00e0nh \u1edf n\u01b0\u1edbc ngo\u00e0i.  <\/p>    <p class=\"font\">H\u01a1n n\u1eefa, ch\u00fang t\u00f4i c\u00f3 th\u1ec3 cung c\u1ea5p cho b\u1ea1n ph\u00e2n t\u00edch th\u1ecb tr\u01b0\u1eddng v\u00e0 l\u1ee3i \u00edch. Nh\u00ecn chung, Taizy Machinery l\u00e0 nh\u00e0 cung c\u1ea5p m\u00e1y ch\u1ebf bi\u1ebfn g\u1ea1o n\u1ed5i ti\u1ebfng.<\/p>    <div class=\"wp-block-button n2-ss-button-container\"><a class=\"wp-block-button__link no-border-radius\" href=\"https:\/\/rice-machinery.com\/vi\/contact-us\/\">Li\u00ean h\u1ec7 v\u1edbi ch\u00fang t\u00f4i<\/a><\/div> <\/div>    <div class=\"wp-block-column is-layout-flow wp-block-column-is-layout-flow\"> <figure class=\"wp-block-image size-large\"><img loading=\"lazy\" decoding=\"async\" width=\"600\" height=\"400\" src=\"https:\/\/rice-machinery.com\/wp-content\/uploads\/2019\/11\/Our-certificate.jpg\" alt=\"\" class=\"wp-image-546\" title=\"\" srcset=\"https:\/\/rice-machinery.com\/wp-content\/uploads\/2019\/11\/Our-certificate.jpg 600w, https:\/\/rice-machinery.com\/wp-content\/uploads\/2019\/11\/Our-certificate-360x240.jpg 360w\" sizes=\"auto, (max-width: 600px) 100vw, 600px\" \/><\/figure> <\/div> <\/div>    <h2 class=\"has-text-align-center wp-block-heading\">\u0110\u1ea7y \u0111\u1ee7 gi\u1ea3i ph\u00e1p t\u1eeb tr\u1ed3ng tr\u1ecdt, thu ho\u1ea1ch \u0111\u1ebfn ch\u1ebf bi\u1ebfn<\/h2>    <hr class=\"wp-block-separator\"\/>    <div class=\"pt-cv-wrapper\"><div class=\"pt-cv-view pt-cv-grid pt-cv-colsys\" id=\"pt-cv-view-0bc5b6d8do\"><div data-id=\"pt-cv-page-1\" class=\"pt-cv-page\" data-cvc=\"3\"><div class=\"col-md-4 col-sm-6 col-xs-12 pt-cv-content-item pt-cv-1-col\"  data-pid=\"7103\"><div class='pt-cv-ifield'><a href=\"https:\/\/rice-machinery.com\/vi\/40-ton-rice-milling-machine-production-line\/\" class=\"_self pt-cv-href-thumbnail pt-cv-thumb-default cvplbd\" target=\"_self\" ><img loading=\"lazy\" decoding=\"async\" width=\"720\" height=\"540\" src=\"https:\/\/rice-machinery.com\/wp-content\/uploads\/2023\/11\/40-ton-rice-milling-machine-production-line-1.webp\" class=\"pt-cv-thumbnail img-none\" alt=\"D\u00e2y chuy\u1ec1n s\u1ea3n xu\u1ea5t m\u00e1y xay x\u00e1t g\u1ea1o 40 t\u1ea5n\" srcset=\"https:\/\/rice-machinery.com\/wp-content\/uploads\/2023\/11\/40-ton-rice-milling-machine-production-line-1.webp 720w, https:\/\/rice-machinery.com\/wp-content\/uploads\/2023\/11\/40-ton-rice-milling-machine-production-line-1-360x270.webp 360w, https:\/\/rice-machinery.com\/wp-content\/uploads\/2023\/11\/40-ton-rice-milling-machine-production-line-1-180x135.webp 180w\" sizes=\"auto, (max-width: 720px) 100vw, 720px\" title=\"\"><\/a> <h4 class=\"pt-cv-title\"><a href=\"https:\/\/rice-machinery.com\/vi\/40-ton-rice-milling-machine-production-line\/\" class=\"_self cvplbd\" target=\"_self\" >D\u00e2y chuy\u1ec1n s\u1ea3n xu\u1ea5t m\u00e1y xay x\u00e1t g\u1ea1o 40 t\u1ea5n<\/a><\/h4><\/div><\/div> <div class=\"col-md-4 col-sm-6 col-xs-12 pt-cv-content-item pt-cv-1-col\"  data-pid=\"7084\"><div class='pt-cv-ifield'><a href=\"https:\/\/rice-machinery.com\/vi\/30-ton-commercial-rice-milling-machine-plant\/\" class=\"_self pt-cv-href-thumbnail pt-cv-thumb-default cvplbd\" target=\"_self\" ><img loading=\"lazy\" decoding=\"async\" width=\"720\" height=\"540\" src=\"https:\/\/rice-machinery.com\/wp-content\/uploads\/2023\/11\/30-ton-commercial-rice-milling-machine-plant-1.webp\" class=\"pt-cv-thumbnail img-none\" alt=\"Nh\u00e0 m\u00e1y xay x\u00e1t g\u1ea1o th\u01b0\u01a1ng m\u1ea1i 30 t\u1ea5n\" srcset=\"https:\/\/rice-machinery.com\/wp-content\/uploads\/2023\/11\/30-ton-commercial-rice-milling-machine-plant-1.webp 720w, https:\/\/rice-machinery.com\/wp-content\/uploads\/2023\/11\/30-ton-commercial-rice-milling-machine-plant-1-360x270.webp 360w, https:\/\/rice-machinery.com\/wp-content\/uploads\/2023\/11\/30-ton-commercial-rice-milling-machine-plant-1-180x135.webp 180w\" sizes=\"auto, (max-width: 720px) 100vw, 720px\" title=\"\"><\/a> <h4 class=\"pt-cv-title\"><a href=\"https:\/\/rice-machinery.com\/vi\/30-ton-commercial-rice-milling-machine-plant\/\" class=\"_self cvplbd\" target=\"_self\" >Nh\u00e0 m\u00e1y xay x\u00e1t g\u1ea1o th\u01b0\u01a1ng m\u1ea1i 30 t\u1ea5n<\/a><\/h4><\/div><\/div> <div class=\"col-md-4 col-sm-6 col-xs-12 pt-cv-content-item pt-cv-1-col\"  data-pid=\"6937\"><div class='pt-cv-ifield'><a href=\"https:\/\/rice-machinery.com\/vi\/25-ton-automatic-rice-milling-unit\/\" class=\"_self pt-cv-href-thumbnail pt-cv-thumb-default cvplbd\" target=\"_self\" ><img loading=\"lazy\" decoding=\"async\" width=\"720\" height=\"540\" src=\"https:\/\/rice-machinery.com\/wp-content\/uploads\/2023\/11\/25-ton-automatic-rice-milling-unit.webp\" class=\"pt-cv-thumbnail img-none\" alt=\"M\u00e1y xay x\u00e1t g\u1ea1o t\u1ef1 \u0111\u1ed9ng 25 t\u1ea5n\" srcset=\"https:\/\/rice-machinery.com\/wp-content\/uploads\/2023\/11\/25-ton-automatic-rice-milling-unit.webp 720w, https:\/\/rice-machinery.com\/wp-content\/uploads\/2023\/11\/25-ton-automatic-rice-milling-unit-360x270.webp 360w, https:\/\/rice-machinery.com\/wp-content\/uploads\/2023\/11\/25-ton-automatic-rice-milling-unit-180x135.webp 180w\" sizes=\"auto, (max-width: 720px) 100vw, 720px\" title=\"\"><\/a> <h4 class=\"pt-cv-title\"><a href=\"https:\/\/rice-machinery.com\/vi\/25-ton-automatic-rice-milling-unit\/\" class=\"_self cvplbd\" target=\"_self\" >M\u00e1y xay x\u00e1t g\u1ea1o t\u1ef1 \u0111\u1ed9ng 25 t\u1ea5n<\/a><\/h4><\/div><\/div> <div class=\"col-md-4 col-sm-6 col-xs-12 pt-cv-content-item pt-cv-1-col\"  data-pid=\"6856\"><div class='pt-cv-ifield'><a href=\"https:\/\/rice-machinery.com\/vi\/25-ton-rice-milling-machine-production-line\/\" class=\"_self pt-cv-href-thumbnail pt-cv-thumb-default cvplbd\" target=\"_self\" ><img loading=\"lazy\" decoding=\"async\" width=\"720\" height=\"540\" src=\"https:\/\/rice-machinery.com\/wp-content\/uploads\/2023\/11\/25-ton-rice-milling-machine-production-line-1.webp\" class=\"pt-cv-thumbnail img-none\" alt=\"D\u00e2y chuy\u1ec1n s\u1ea3n xu\u1ea5t m\u00e1y xay x\u00e1t g\u1ea1o 25 t\u1ea5n\" srcset=\"https:\/\/rice-machinery.com\/wp-content\/uploads\/2023\/11\/25-ton-rice-milling-machine-production-line-1.webp 720w, https:\/\/rice-machinery.com\/wp-content\/uploads\/2023\/11\/25-ton-rice-milling-machine-production-line-1-360x270.webp 360w, https:\/\/rice-machinery.com\/wp-content\/uploads\/2023\/11\/25-ton-rice-milling-machine-production-line-1-180x135.webp 180w\" sizes=\"auto, (max-width: 720px) 100vw, 720px\" title=\"\"><\/a> <h4 class=\"pt-cv-title\"><a href=\"https:\/\/rice-machinery.com\/vi\/25-ton-rice-milling-machine-production-line\/\" class=\"_self cvplbd\" target=\"_self\" >D\u00e2y chuy\u1ec1n s\u1ea3n xu\u1ea5t m\u00e1y xay x\u00e1t g\u1ea1o 25 t\u1ea5n<\/a><\/h4><\/div><\/div> <div class=\"col-md-4 col-sm-6 col-xs-12 pt-cv-content-item pt-cv-1-col\"  data-pid=\"6727\"><div class='pt-cv-ifield'><a href=\"https:\/\/rice-machinery.com\/vi\/30t-d-complete-rice-milling-machine-plant\/\" class=\"_self pt-cv-href-thumbnail pt-cv-thumb-default cvplbd\" target=\"_self\" ><img loading=\"lazy\" decoding=\"async\" width=\"720\" height=\"540\" src=\"https:\/\/rice-machinery.com\/wp-content\/uploads\/2023\/11\/30TPD-Complete-Rice-Milling-Machine-Plant.webp\" class=\"pt-cv-thumbnail img-none\" alt=\"Nh\u00e0 m\u00e1y xay x\u00e1t g\u1ea1o ho\u00e0n ch\u1ec9nh 30TPD\" srcset=\"https:\/\/rice-machinery.com\/wp-content\/uploads\/2023\/11\/30TPD-Complete-Rice-Milling-Machine-Plant.webp 720w, https:\/\/rice-machinery.com\/wp-content\/uploads\/2023\/11\/30TPD-Complete-Rice-Milling-Machine-Plant-360x270.webp 360w, https:\/\/rice-machinery.com\/wp-content\/uploads\/2023\/11\/30TPD-Complete-Rice-Milling-Machine-Plant-180x135.webp 180w\" sizes=\"auto, (max-width: 720px) 100vw, 720px\" title=\"\"><\/a> <h4 class=\"pt-cv-title\"><a href=\"https:\/\/rice-machinery.com\/vi\/30t-d-complete-rice-milling-machine-plant\/\" class=\"_self cvplbd\" target=\"_self\" >Nh\u00e0 m\u00e1y xay x\u00e1t g\u1ea1o ho\u00e0n ch\u1ec9nh 30TPD<\/a><\/h4><\/div><\/div> <div class=\"col-md-4 col-sm-6 col-xs-12 pt-cv-content-item pt-cv-1-col\"  data-pid=\"6702\"><div class='pt-cv-ifield'><a href=\"https:\/\/rice-machinery.com\/vi\/25t-d-integrated-rice-milling-unit\/\" class=\"_self pt-cv-href-thumbnail pt-cv-thumb-default cvplbd\" target=\"_self\" ><img loading=\"lazy\" decoding=\"async\" width=\"720\" height=\"540\" src=\"https:\/\/rice-machinery.com\/wp-content\/uploads\/2023\/11\/25TD-Integrated-Rice-Milling-Unit-1.webp\" class=\"pt-cv-thumbnail img-none\" alt=\"\u0110\u01a1n v\u1ecb xay x\u00e1t g\u1ea1o t\u00edch h\u1ee3p 25TD\" srcset=\"https:\/\/rice-machinery.com\/wp-content\/uploads\/2023\/11\/25TD-Integrated-Rice-Milling-Unit-1.webp 720w, https:\/\/rice-machinery.com\/wp-content\/uploads\/2023\/11\/25TD-Integrated-Rice-Milling-Unit-1-360x270.webp 360w, https:\/\/rice-machinery.com\/wp-content\/uploads\/2023\/11\/25TD-Integrated-Rice-Milling-Unit-1-180x135.webp 180w\" sizes=\"auto, (max-width: 720px) 100vw, 720px\" title=\"\"><\/a> <h4 class=\"pt-cv-title\"><a href=\"https:\/\/rice-machinery.com\/vi\/25t-d-integrated-rice-milling-unit\/\" class=\"_self cvplbd\" target=\"_self\" >\u0110\u01a1n v\u1ecb xay x\u00e1t g\u1ea1o t\u00edch h\u1ee3p 25TPD<\/a><\/h4><\/div><\/div><\/div><\/div><\/div>\t\t\t<style type=\"text\/css\" id=\"pt-cv-inline-style-348ec64qpy\">#pt-cv-view-0bc5b6d8do .pt-cv-title a, #pt-cv-view-0bc5b6d8do  .panel-title { font-weight: 600 !important; } #pt-cv-view-0bc5b6d8do .pt-cv-readmore  { color: #ffffff !important; background-color: #00aeef !important; } #pt-cv-view-0bc5b6d8do .pt-cv-readmore:hover  { color: #ffffff !important; background-color: #00aeef !important; }<\/style>  \t\t\t    <section class=\"why_choose_us\"> <div class=\"theme_title_bg\"> <div class=\"theme_title center\"> <div class=\"container choose\"> <h1>T\u1ea1i sao n\u00ean ch\u1ecdn ch\u00fang t\u00f4i<\/h1> <\/div> <\/div> <\/div> <div class=\"grid-container row\"> <div class=\"grid-parent grid-50 tablet-grid-50 mobile-grid-100\"> <div class=\"choose_us_item tran3s\"> <div class=\"text float_left\"> <h5 class=\"tran3s\">Kh\u00e1ch h\u00e0ng l\u00e0 tr\u00ean h\u1ebft<\/h5> <p class=\"tran3s\">Ch\u00fang t\u00f4i lu\u00f4n \u0111\u1eb7t l\u1ee3i \u00edch c\u1ee7a kh\u00e1ch h\u00e0ng l\u00ean h\u00e0ng \u0111\u1ea7u cho d\u00f9 h\u1ecd mua lo\u1ea1i m\u00e1y n\u00e0o v\u00e0 t\u1ea5t c\u1ea3 c\u00e1c m\u00e1y \u0111\u1ec1u \u0111\u01b0\u1ee3c t\u00f9y ch\u1ec9nh theo y\u00eau c\u1ea7u c\u1ee7a kh\u00e1ch h\u00e0ng.<\/p> <\/div> <p><!-- End of .text --><\/p> <div class=\"clear_fix\">&nbsp;<\/div> <\/div> <p><!-- End of .choose_us_item --><\/p> <\/div> <div class=\"grid-parent grid-50 tablet-grid-50 mobile-grid-100\"> <div class=\"choose_us_item tran3s\"> <div class=\"text float_left\"> <h5 class=\"tran3s\">Kh\u00e1ch h\u00e0ng l\u00e0 tr\u00ean h\u1ebft<\/h5> <p class=\"tran3s\">ch\u00fang t\u00f4i cung c\u1ea5p d\u1ecbch v\u1ee5 \u0111\u00f3n t\u1ea1i s\u00e2n bay v\u00e0 \u0111\u1eb7t ph\u00f2ng kh\u00e1ch s\u1ea1n mi\u1ec5n ph\u00ed n\u1ebfu b\u1ea1n \u0111\u1ebfn th\u0103m nh\u00e0 m\u00e1y c\u1ee7a ch\u00fang t\u00f4i. \u0110i\u1ec1u quan tr\u1ecdng l\u00e0 n\u1ebfu b\u1ea1n th\u00edch, ch\u00fang t\u00f4i c\u00f3 th\u1ec3 d\u1eabn b\u1ea1n \u0111i tham quan nh\u1eefng danh lam th\u1eafng c\u1ea3nh n\u1ed5i ti\u1ebfng, mang \u0111\u1ebfn cho b\u1ea1n nh\u1eefng tr\u1ea3i nghi\u1ec7m kh\u00e1c bi\u1ec7t.<\/p> <\/div> <p><!-- End of .text --><\/p> <div class=\"clear_fix\">&nbsp;<\/div> <\/div> <p><!-- End of .choose_us_item --><\/p> <\/div> <p><!-- End of .col --><!-- ______________ Item _____________ --><\/p> <div class=\"grid-parent grid-50 tablet-grid-50 mobile-grid-100\"> <div class=\"choose_us_item tran3s\"> <div class=\"text float_left\"> <h5 class=\"tran3s\">\u0110\u1ea3m b\u1ea3o ch\u1ea5t l\u01b0\u1ee3ng<\/h5> <p class=\"tran3s\">T\u1ea5t c\u1ea3 c\u00e1c m\u00e1y ch\u1ebf bi\u1ebfn g\u1ea1o c\u1ee7a ch\u00fang t\u00f4i \u0111\u1ec1u \u0111\u01b0\u1ee3c trang b\u1ecb ch\u1ea5t l\u01b0\u1ee3ng cao v\u00e0 c\u00f4ng nh\u00e2n c\u1ee7a ch\u00fang t\u00f4i ki\u1ec3m tra c\u1ea9n th\u1eadn t\u1eebng b\u1ed9 ph\u1eadn tr\u01b0\u1edbc khi giao h\u00e0ng. Ch\u00fang t\u00f4i \u0111\u01b0\u1ee3c \u1ee7y quy\u1ec1n b\u1edfi c\u00e1c ch\u1ee9ng nh\u1eadn nh\u01b0 TUV, BV, ISO v\u00e0 SGS v\u00e0 s\u1ebd g\u1eedi cho b\u1ea1n c\u00e1c ph\u1ee5 t\u00f9ng thay th\u1ebf mi\u1ec5n ph\u00ed trong th\u1eddi gian b\u1ea3o h\u00e0nh.<\/p> <\/div> <p><!-- End of .text --><\/p> <div class=\"clear_fix\">&nbsp;<\/div> <\/div> <p><!-- End of .choose_us_item --><\/p> <\/div> <p><!-- End of .col --><!-- ______________ Item _____________ --><\/p> <div class=\"grid-parent grid-50 tablet-grid-50 mobile-grid-100\"> <div class=\"choose_us_item tran3s\"> <div class=\"text float_left\"> <h5 class=\"tran3s\">\u0110\u1ec1 xu\u1ea5t h\u1eefu \u00edch<\/h5> <p class=\"tran3s\">Ch\u00fang t\u00f4i s\u1ebd cung c\u1ea5p cho b\u1ea1n nh\u1eefng g\u1ee3i \u00fd h\u1eefu \u00edch nh\u01b0 ph\u00e2n t\u00edch th\u1ecb tr\u01b0\u1eddng v\u00e0 ph\u00e2n t\u00edch l\u1ee3i \u00edch, thu h\u1ed3i chi ph\u00ed trong th\u1eddi gian ng\u1eafn.<\/p> <\/div> <\/div> <p><!-- End of .choose_us_item --><\/p> <\/div> <p><!-- End of .col --><\/p> <\/div> <p><!-- End of .container --><\/p> <\/section> <div class=\"ricefaq\"> <h1>C\u00e2u h\u1ecfi th\u01b0\u1eddng g\u1eb7p<\/h1> <hr class=\"wp-block-separator\"> <div class=\"schema-faq wp-block-yoast-faq-block\"> <div class=\"grid-container\"> <div class=\"grid-parent grid-50 tablet-grid-50 mobile-grid-100\"> <ul class=\"ricecheck\"> <div class=\"schema-faq-section\"> <li class=\"checknumber\"><strong class=\"schema-faq-question\"> 1. B\u1ea1n\u00a0ch\u1ee7 y\u1ebfu\u00a0l\u00e0m\u00a0vi\u1ec7c g\u00ec? <\/strong> <\/li> <p class=\"schema-faq-answer\"> Ch\u00fang t\u00f4i\u00a0ch\u1ee7 y\u1ebfu\u00a0s\u1ea3n xu\u1ea5t\u00a0m\u00e1y ch\u1ebf bi\u1ebfn\u00a0g\u1ea1o\u00a0ch\u1eb3ng h\u1ea1n nh\u01b0\u00a0m\u00e1y c\u1ea5y\u00a0l\u00faa,\u00a0m\u00e1y g\u1eb7t\u00a0l\u00faa,\u00a0m\u00e1y tu\u1ed1t l\u00faa,\u00a0m\u00e1y xay\u00a0g\u1ea1o\u00a0v\u00e0 m\u00e1y nghi\u1ec1n g\u1ea1o, v.v. <\/p>  <\/div>  <div class=\"schema-faq-section\"> <li class=\"checknumber\"><strong class=\"schema-faq-question\"> 2. T\u00f4i\u00a0c\u00f3 th\u1ec3 nh\u1eadn\u00a0ph\u1ee5 t\u00f9ng\u00a0mi\u1ec5n ph\u00ed\u00a0trong\u00a0th\u1eddi gian\u00a0b\u1ea3o h\u00e0nh kh\u00f4ng? <\/strong> <\/li> <p class=\"schema-faq-answer\"> N\u1ebfu\u00a0\u0111\u00f3\u00a0l\u00e0\u00a0s\u1ef1 c\u1ed1\u00a0c\u1ee7a\u00a0ch\u00ednh\u00a0m\u00e1y,\u00a0ch\u00fang t\u00f4i\u00a0s\u1ebd\u00a0g\u1eedi\u00a0cho b\u1ea1n\u00a0mi\u1ec5n ph\u00ed. <\/p> <\/div>  <div class=\"schema-faq-section\"> <li class=\"checknumber\"><strong class=\"schema-faq-question\"> 3. B\u1ea1n\u00a0c\u00f3 th\u1ec3 s\u1eafp x\u1ebfp\u00a0k\u1ef9 s\u01b0\u00a0chuy\u00ean nghi\u1ec7p\u00a0l\u1eafp\u00a0m\u00e1y\u00a0cho\u00a0t\u00f4i kh\u00f4ng? <\/strong><\/li>  <p class=\"schema-faq-answer\"> C\u00f3,\u00a0t\u1ea5t nhi\u00ean,\u00a0n\u1ebfu\u00a0c\u1ea7n thi\u1ebft,\u00a0ch\u00fang t\u00f4i\u00a0c\u00f3 th\u1ec3\u00a0ch\u1ec9 \u0111\u1ecbnh\u00a0k\u1ef9 s\u01b0\u00a0\u0111i\u00a0\u0111\u1ebfn\u00a0qu\u1ed1c gia c\u1ee7a b\u1ea1n\u00a0\u0111\u1ec3\u00a0c\u00e0i \u0111\u1eb7t\u00a0v\u00e0\u00a0\u0111\u00e0o t\u1ea1o\u00a0nh\u00e2n vi\u00ean\u00a0c\u1ee7a b\u1ea1n\u00a0c\u00e1ch\u00a0s\u1eed d\u1ee5ng\u00a0n\u00f3. <\/p> <\/div>  <\/ul> <\/div> <div class=\"grid-parent grid-50 tablet-grid-50 mobile-grid-100\"> <ul class=\"ricecheck\"> <div class=\"schema-faq-section\"> <li class=\"checknumber\"><strong class=\"schema-faq-question\"> 4. M\u00e1y ch\u1ebf bi\u1ebfn g\u1ea1o c\u1ee7a b\u1ea1n ph\u00f9 h\u1ee3p s\u1eed d\u1ee5ng trong gia \u0111\u00ecnh hay c\u00f4ng nghi\u1ec7p? <\/strong> <\/li> <p class=\"schema-faq-answer\"> Ch\u00fang t\u00f4i c\u00f3 nhi\u1ec1u lo\u1ea1i m\u00e1y m\u00f3c v\u1edbi c\u00f4ng su\u1ea5t kh\u00e1c nhau v\u00e0 ch\u00fang c\u00f3 th\u1ec3 \u0111\u01b0\u1ee3c s\u1eed d\u1ee5ng cho c\u00e1c ng\u00e0nh c\u00f4ng nghi\u1ec7p ch\u1ebf bi\u1ebfn g\u1ea1o ho\u1eb7c gia \u0111\u00ecnh.<\/p> <\/div>  <div class=\"schema-faq-section\"> <li class=\"checknumber\"><strong class=\"schema-faq-question\"> 5. B\u1ea1n c\u00f3 s\u00e1ch h\u01b0\u1edbng d\u1eabn cho t\u1eebng m\u00e1y kh\u00f4ng?  <\/strong> <\/li> <p class=\"schema-faq-answer\">C\u00f3, ch\u00fang t\u00f4i c\u0169ng c\u00f3 video v\u1eadn h\u00e0nh \u0111\u1ec3 gi\u00fap b\u1ea1n c\u00e1ch v\u1eadn h\u00e0nh n\u00f3.<\/p> <\/div>  <div class=\"schema-faq-section\"> <li class=\"checknumber\"><strong class=\"schema-faq-question\">6. Nguy\u00ean li\u1ec7u th\u00f4 c\u1ee7a m\u00e1y c\u1ee7a b\u1ea1n l\u00e0 g\u00ec?<\/strong> <\/li> <p class=\"schema-faq-answer\"> H\u1ea7u h\u1ebft c\u00e1c m\u00e1y \u0111\u1ec1u \u0111\u01b0\u1ee3c l\u00e0m b\u1eb1ng th\u00e9p carbon, nh\u01b0ng b\u1ea1n \u0111\u1eebng lo l\u1eafng, ch\u00fang \u0111\u1ec1u \u0111\u01b0\u1ee3c trang b\u1ecb ch\u1ea5t l\u01b0\u1ee3ng cao v\u00e0 c\u00f3 th\u1ec3 s\u1eed d\u1ee5ng l\u00e2u d\u00e0i. <\/p> <\/div>   <\/ul> <\/div> <\/div> <\/div>","protected":false},"excerpt":{"rendered":"","protected":false},"author":1,"featured_media":0,"parent":0,"menu_order":0,"comment_status":"closed","ping_status":"closed","template":"","meta":{"footnotes":""},"class_list":["post-27","page","type-page","status-publish"],"_links":{"self":[{"href":"https:\/\/rice-machinery.com\/vi\/wp-json\/wp\/v2\/pages\/27","targetHints":{"allow":["GET"]}}],"collection":[{"href":"https:\/\/rice-machinery.com\/vi\/wp-json\/wp\/v2\/pages"}],"about":[{"href":"https:\/\/rice-machinery.com\/vi\/wp-json\/wp\/v2\/types\/page"}],"author":[{"embeddable":true,"href":"https:\/\/rice-machinery.com\/vi\/wp-json\/wp\/v2\/users\/1"}],"replies":[{"embeddable":true,"href":"https:\/\/rice-machinery.com\/vi\/wp-json\/wp\/v2\/comments?post=27"}],"version-history":[{"count":0,"href":"https:\/\/rice-machinery.com\/vi\/wp-json\/wp\/v2\/pages\/27\/revisions"}],"wp:attachment":[{"href":"https:\/\/rice-machinery.com\/vi\/wp-json\/wp\/v2\/media?parent=27"}],"curies":[{"name":"wp","href":"https:\/\/api.w.org\/{rel}","templated":true}]}}